{"id":21,"date":"2021-02-18T15:15:11","date_gmt":"2021-02-18T14:15:11","guid":{"rendered":"http:\/\/dilatoflex.anvisgroup.com\/?page_id=21"},"modified":"2025-10-23T08:43:47","modified_gmt":"2025-10-23T06:43:47","slug":"imprint","status":"publish","type":"page","link":"https:\/\/dilatoflex.com\/de\/imprint\/","title":{"rendered":"Impressum"},"content":{"rendered":"<div data-elementor-type=\"wp-page\" data-elementor-id=\"21\" class=\"elementor elementor-21\">\n\t\t\t\t\t\t<section class=\"elementor-section elementor-top-section elementor-element elementor-element-06a2c0c elementor-section-boxed elementor-section-height-default elementor-section-height-default\" data-id=\"06a2c0c\" data-element_type=\"section\" data-e-type=\"section\" data-settings=\"{&quot;background_background&quot;:&quot;classic&quot;}\">\n\t\t\t\t\t\t\t<div class=\"elementor-background-overlay\"><\/div>\n\t\t\t\t\t\t\t<div class=\"elementor-container elementor-column-gap-default\">\n\t\t\t\t\t<div class=\"elementor-column elementor-col-100 elementor-top-column elementor-element elementor-element-16e61bb\" data-id=\"16e61bb\" data-element_type=\"column\" data-e-type=\"column\">\n\t\t\t<div class=\"elementor-widget-wrap elementor-element-populated\">\n\t\t\t\t\t\t\t<\/div>\n\t\t<\/div>\n\t\t\t\t\t<\/div>\n\t\t<\/section>\n\t\t\t\t<section class=\"elementor-section elementor-top-section elementor-element elementor-element-4eb82e09 elementor-section-boxed elementor-section-height-default elementor-section-height-default\" data-id=\"4eb82e09\" data-element_type=\"section\" data-e-type=\"section\">\n\t\t\t\t\t\t<div class=\"elementor-container elementor-column-gap-default\">\n\t\t\t\t\t<div class=\"elementor-column elementor-col-100 elementor-top-column elementor-element elementor-element-37455a1f\" data-id=\"37455a1f\" data-element_type=\"column\" data-e-type=\"column\">\n\t\t\t<div class=\"elementor-widget-wrap elementor-element-populated\">\n\t\t\t\t\t\t<div class=\"elementor-element elementor-element-d01d22e elementor-widget elementor-widget-spacer\" data-id=\"d01d22e\" data-element_type=\"widget\" data-e-type=\"widget\" data-widget_type=\"spacer.default\">\n\t\t\t\t<div class=\"elementor-widget-container\">\n\t\t\t\t\t\t\t<div class=\"elementor-spacer\">\n\t\t\t<div class=\"elementor-spacer-inner\"><\/div>\n\t\t<\/div>\n\t\t\t\t\t\t<\/div>\n\t\t\t\t<\/div>\n\t\t\t\t<div class=\"elementor-element elementor-element-3b72c4d6 elementor-widget elementor-widget-text-editor\" data-id=\"3b72c4d6\" data-element_type=\"widget\" data-e-type=\"widget\" data-no-translation=\"\" data-widget_type=\"text-editor.default\">\n\t\t\t\t<div class=\"elementor-widget-container\">\n\t\t\t\t\t<style>.elementor-element-3b72c4d6{display:none !important}<\/style>\t\t\t\t<\/div>\n\t\t\t\t<\/div>\n\t\t\t\t<div class=\"elementor-element elementor-element-82872e1 elementor-widget elementor-widget-text-editor\" data-id=\"82872e1\" data-element_type=\"widget\" data-e-type=\"widget\" data-no-translation=\"\" data-widget_type=\"text-editor.default\">\n\t\t\t\t<div class=\"elementor-widget-container\">\n\t\t\t\t\t\t\t\t\t\n<p>Informationspflicht nach \u00a7 5 TMG.<\/p>\n<p>ANVIS HOLDING S.A.S<br \/>19 Route d&#8217;Archettes<br \/>F-88000 Epinal<br \/>Frankreich<\/p>\n<p><strong>Register:<\/strong>\u00a0Handelsregister<br \/><strong>Register Register-Nummer:<\/strong> 883 481 178 R.C.S.<br \/><strong>Registergericht:<\/strong> Epinal<\/p>\n<p>Tel.:\u00a0+33 3 29 64 33 33<br \/>E-Mail: <a>info@anvisgroup.com<\/a><\/p>\n<p><strong>Gesch\u00e4ftsf\u00fchrerin<\/strong><br \/>Silvia Maier<\/p>\n<p>Quelle: Erstellt mit dem \u00a0<a href=\"https:\/\/www.adsimple.de\/impressum-generator\/\" target=\"_blank\" rel=\"noreferrer noopener\">Impressum-Generator<\/a>\u00a0von AdSimple in Zusammenarbeit mit <a href=\"https:\/\/www.hashtagmann.de\/\" target=\"_blank\" rel=\"noreferrer noopener\">hashtagmann.de<\/a><\/p>\n<h2 class=\"wp-block-heading\">EU-Streitbeilegung<\/h2>\n<p>Gem\u00e4\u00df der Verordnung \u00fcber Online-Streitbeilegung in Verbraucherangelegenheiten (ODR-Verordnung) m\u00f6chten wir Sie \u00fcber die <a href=\"https:\/\/ec.europa.eu\/consumers\/odr\/main\/index.cfm?event=main.home2.show&amp;lng=DE\" target=\"_blank\" rel=\"noreferrer noopener\">Online-Streitbeilegungs-Plattform<\/a> (OS-Plattform) informieren.<br \/>Verbraucher haben die M\u00f6glichkeit, Beschwerden bei der Online-Streitbeilegungs-Plattform der Europ\u00e4ischen Kommission unter <a href=\"http:\/\/ec.europa.eu\/odr?tid=321220202\">http:\/\/ec.europa.eu\/odr?tid=321220202<\/a> einzureichen.\u00a0Die notwendigen Kontaktdaten finden Sie oben in unserem Impressum.<\/p>\n<p>Wir weisen jedoch darauf hin, dass wir nicht bereit oder verpflichtet sind, an einem Streitbeilegungsverfahren vor einer Verbraucherschlichtungsstelle teilzunehmen.<\/p>\n<h2>Haftung f\u00fcr die Inhalte dieser Website<\/h2>\n<p>Wir entwickeln die Inhalte dieser Website st\u00e4ndig weiter und sind bestrebt, korrekte und aktuelle Informationen bereitzustellen.\u00a0Nach <a href=\"https:\/\/www.gesetze-im-internet.de\/tmg\/__7.html?tid=321220202\" target=\"_blank\" rel=\"noopener\">\u00a7 7 Abs.1 TMG<\/a> sind wir als Diensteanbieter f\u00fcr eigene Informationen, die wir zur Nutzung bereithalten, nach den allgemeinen Gesetzen verantwortlich.\u00a0F\u00fcr die Richtigkeit aller Inhalte dieser Website, insbesondere f\u00fcr solche, die von Dritten bereitgestellt werden, k\u00f6nnen wir leider keine Gew\u00e4hr \u00fcbernehmen.\u00a0Als Diensteanbieter im Sinne der \u00a7\u00a7 8 bis 10 sind wir nicht verpflichtet, die von Ihnen \u00fcbermittelten oder gespeicherten fremden Informationen zu \u00fcberwachen oder nach Umst\u00e4nden zu forschen, die auf eine rechtswidrige T\u00e4tigkeit hinweisen.<\/p>\n<p>Verpflichtungen zur Entfernung oder Sperrung der Nutzung von Informationen nach den allgemeinen Gesetzen aufgrund von gerichtlichen oder beh\u00f6rdlichen Anordnungen bleiben auch im Falle unserer Nichtverantwortlichkeit nach den \u00a7\u00a7 8 bis 10 unber\u00fchrt.<\/p>\n<p>Sollten Ihnen problematische oder rechtswidrige Inhalte auffallen, nehmen Sie bitte umgehend Kontakt mit uns auf, damit wir die rechtswidrigen Inhalte entfernen k\u00f6nnen.\u00a0Die Kontaktdaten finden Sie im Impressum.<\/p>\n<h2>Haftung f\u00fcr Links auf dieser Website<\/h2>\n<p>Unsere Website enth\u00e4lt Links zu anderen Websites, f\u00fcr deren Inhalt wir nicht verantwortlich sind.\u00a0Wir haften nicht f\u00fcr verlinkte Websites, da wir keine Kenntnis von rechtswidrigen Handlungen hatten, diese nicht bemerkt haben und bei Bekanntwerden rechtswidriger Handlungen die Links sofort entfernen w\u00fcrden.<\/p>\n<p>Sollten Ihnen rechtswidrige Links auf unserer Website auffallen, wenden Sie sich bitte an uns.\u00a0Die Kontaktdaten finden Sie im Impressum.<\/p>\n<h2>Copyright-Hinweis<\/h2>\n<p>Alle Inhalte dieser Website (Bilder, Fotos, Texte, Videos) unterliegen dem Urheberrecht der Bundesrepublik Deutschland.\u00a0Bitte fragen Sie uns, bevor Sie die Inhalte dieser Website verbreiten, vervielf\u00e4ltigen oder nutzen, z.B. auf anderen Websites wiederver\u00f6ffentlichen.\u00a0Gegebenenfalls werden wir die unerlaubte Nutzung von Teilen der Inhalte unserer Seite rechtlich verfolgen.<\/p>\n<p>Sollten Sie auf dieser Website Inhalte finden, die gegen das Urheberrecht versto\u00dfen, kontaktieren Sie uns bitte.<\/p>\n<h2>Webdesign &amp; Entwicklung durch<\/h2>\n<p>P-CATION Consulting &amp; Solutions GmbH<\/p>\n\t\t\t\t\t\t\t\t<\/div>\n\t\t\t\t<\/div>\n\t\t\t\t<div class=\"elementor-element elementor-element-bd3a589 elementor-widget elementor-widget-text-editor\" data-id=\"bd3a589\" data-element_type=\"widget\" data-e-type=\"widget\" data-no-translation=\"\" data-widget_type=\"text-editor.default\">\n\t\t\t\t<div class=\"elementor-widget-container\">\n\t\t\t\t\t<style>.elementor-element-bd3a589{display:none !important}<\/style>\t\t\t\t<\/div>\n\t\t\t\t<\/div>\n\t\t\t\t\t<\/div>\n\t\t<\/div>\n\t\t\t\t\t<\/div>\n\t\t<\/section>\n\t\t\t\t<section class=\"elementor-section elementor-top-section elementor-element elementor-element-22e1c49 elementor-section-boxed elementor-section-height-default elementor-section-height-default\" data-id=\"22e1c49\" data-element_type=\"section\" data-e-type=\"section\">\n\t\t\t\t\t\t<div class=\"elementor-container elementor-column-gap-default\">\n\t\t\t\t\t<div class=\"elementor-column elementor-col-50 elementor-top-column elementor-element elementor-element-a0c09d3\" data-id=\"a0c09d3\" data-element_type=\"column\" data-e-type=\"column\">\n\t\t\t<div class=\"elementor-widget-wrap elementor-element-populated\">\n\t\t\t\t\t\t<div class=\"elementor-element elementor-element-728181f elementor-widget elementor-widget-text-editor\" data-id=\"728181f\" data-element_type=\"widget\" data-e-type=\"widget\" data-widget_type=\"text-editor.default\">\n\t\t\t\t<div class=\"elementor-widget-container\">\n\t\t\t\t\t\t\t\t\t<p><a href=\"http:\/\/www.p-cation.de\"><img decoding=\"async\" class=\"wp-image-912\" src=\"https:\/\/relaunch.anvisgroup.com\/wp-content\/uploads\/2021\/01\/Logo-P-CATION-R-Slogan-EN-e1611230573376.jpg\" sizes=\"(max-width: 341px) 100vw, 341px\" srcset=\"https:\/\/anvisgroup.com\/wp-content\/uploads\/2021\/01\/Logo-P-CATION-R-Slogan-EN-e1611230573376.jpg 341w, https:\/\/anvisgroup.com\/wp-content\/uploads\/2021\/01\/Logo-P-CATION-R-Slogan-EN-e1611230573376-300x100.jpg 300w\" alt=\"\" width=\"200\" \/><\/a><\/p>\t\t\t\t\t\t\t\t<\/div>\n\t\t\t\t<\/div>\n\t\t\t\t\t<\/div>\n\t\t<\/div>\n\t\t\t\t<div class=\"elementor-column elementor-col-50 elementor-top-column elementor-element elementor-element-c6aa887\" data-id=\"c6aa887\" data-element_type=\"column\" data-e-type=\"column\">\n\t\t\t<div class=\"elementor-widget-wrap elementor-element-populated\">\n\t\t\t\t\t\t<div class=\"elementor-element elementor-element-6d5bf00 elementor-widget elementor-widget-text-editor\" data-id=\"6d5bf00\" data-element_type=\"widget\" data-e-type=\"widget\" data-widget_type=\"text-editor.default\">\n\t\t\t\t<div class=\"elementor-widget-container\">\n\t\t\t\t\t\t\t\t\t<p>E-Mail: hello@p-cation.de<br \/>Web: <a href=\"https:\/\/p-cation.de\/\" target=\"_blank\" rel=\"noreferrer noopener\">p-cation.de<\/a><\/p>\t\t\t\t\t\t\t\t<\/div>\n\t\t\t\t<\/div>\n\t\t\t\t\t<\/div>\n\t\t<\/div>\n\t\t\t\t\t<\/div>\n\t\t<\/section>\n\t\t\t\t<section class=\"elementor-section elementor-top-section elementor-element elementor-element-eccc637 elementor-section-boxed elementor-section-height-default elementor-section-height-default\" data-id=\"eccc637\" data-element_type=\"section\" data-e-type=\"section\">\n\t\t\t\t\t\t<div class=\"elementor-container elementor-column-gap-default\">\n\t\t\t\t\t<div class=\"elementor-column elementor-col-100 elementor-top-column elementor-element elementor-element-a70302c\" data-id=\"a70302c\" data-element_type=\"column\" data-e-type=\"column\">\n\t\t\t<div class=\"elementor-widget-wrap elementor-element-populated\">\n\t\t\t\t\t\t<div class=\"elementor-element elementor-element-95da355 elementor-widget elementor-widget-spacer\" data-id=\"95da355\" data-element_type=\"widget\" data-e-type=\"widget\" data-widget_type=\"spacer.default\">\n\t\t\t\t<div class=\"elementor-widget-container\">\n\t\t\t\t\t\t\t<div class=\"elementor-spacer\">\n\t\t\t<div class=\"elementor-spacer-inner\"><\/div>\n\t\t<\/div>\n\t\t\t\t\t\t<\/div>\n\t\t\t\t<\/div>\n\t\t\t\t\t<\/div>\n\t\t<\/div>\n\t\t\t\t\t<\/div>\n\t\t<\/section>\n\t\t\t\t<\/div>","protected":false},"excerpt":{"rendered":"<p>Information obligation according to \u00a7 5 TMG. ANVIS HOLDING S.A.S19 Route d\u2019ArchettesF-88000 EpinalFrance Register:\u00a0Commercialregister Register number:\u00a0883 481 178 R.C.S.Register\u00a0court\u00a0:\u00a0Epinal Tel.:\u00a0+33 3 29 64 33 33Email:\u00a0info@anvisgroup.com Managing DirectorSilvia Maier Source: Created with the\u00a0imprint generator\u00a0from AdSimple in cooperation with\u00a0hashtagmann.de EU dispute settlement In accordance with the regulation on online dispute resolution in consumer affairs (ODR regulation), we [&hellip;]<\/p>\n","protected":false},"author":3,"featured_media":0,"parent":0,"menu_order":0,"comment_status":"closed","ping_status":"closed","template":"elementor_header_footer","meta":{"ocean_post_layout":"full-width","ocean_both_sidebars_style":"","ocean_both_sidebars_content_width":0,"ocean_both_sidebars_sidebars_width":0,"ocean_sidebar":"0","ocean_second_sidebar":"0","ocean_disable_margins":"enable","ocean_add_body_class":"","ocean_shortcode_before_top_bar":"","ocean_shortcode_after_top_bar":"","ocean_shortcode_before_header":"","ocean_shortcode_after_header":"","ocean_has_shortcode":"","ocean_shortcode_after_title":"","ocean_shortcode_before_footer_widgets":"","ocean_shortcode_after_footer_widgets":"","ocean_shortcode_before_footer_bottom":"","ocean_shortcode_after_footer_bottom":"","ocean_display_top_bar":"default","ocean_display_header":"default","ocean_header_style":"","ocean_center_header_left_menu":"0","ocean_custom_header_template":"0","ocean_custom_logo":0,"ocean_custom_retina_logo":0,"ocean_custom_logo_max_width":0,"ocean_custom_logo_tablet_max_width":0,"ocean_custom_logo_mobile_max_width":0,"ocean_custom_logo_max_height":0,"ocean_custom_logo_tablet_max_height":0,"ocean_custom_logo_mobile_max_height":0,"ocean_header_custom_menu":"0","ocean_menu_typo_font_family":"0","ocean_menu_typo_font_subset":"","ocean_menu_typo_font_size":0,"ocean_menu_typo_font_size_tablet":0,"ocean_menu_typo_font_size_mobile":0,"ocean_menu_typo_font_size_unit":"px","ocean_menu_typo_font_weight":"","ocean_menu_typo_font_weight_tablet":"","ocean_menu_typo_font_weight_mobile":"","ocean_menu_typo_transform":"","ocean_menu_typo_transform_tablet":"","ocean_menu_typo_transform_mobile":"","ocean_menu_typo_line_height":0,"ocean_menu_typo_line_height_tablet":0,"ocean_menu_typo_line_height_mobile":0,"ocean_menu_typo_line_height_unit":"","ocean_menu_typo_spacing":0,"ocean_menu_typo_spacing_tablet":0,"ocean_menu_typo_spacing_mobile":0,"ocean_menu_typo_spacing_unit":"","ocean_menu_link_color":"","ocean_menu_link_color_hover":"","ocean_menu_link_color_active":"","ocean_menu_link_background":"","ocean_menu_link_hover_background":"","ocean_menu_link_active_background":"","ocean_menu_social_links_bg":"","ocean_menu_social_hover_links_bg":"","ocean_menu_social_links_color":"","ocean_menu_social_hover_links_color":"","ocean_disable_title":"on","ocean_disable_heading":"default","ocean_post_title":"","ocean_post_subheading":"","ocean_post_title_style":"","ocean_post_title_background_color":"","ocean_post_title_background":0,"ocean_post_title_bg_image_position":"","ocean_post_title_bg_image_attachment":"","ocean_post_title_bg_image_repeat":"","ocean_post_title_bg_image_size":"","ocean_post_title_height":0,"ocean_post_title_bg_overlay":0.5,"ocean_post_title_bg_overlay_color":"","ocean_disable_breadcrumbs":"default","ocean_breadcrumbs_color":"","ocean_breadcrumbs_separator_color":"","ocean_breadcrumbs_links_color":"","ocean_breadcrumbs_links_hover_color":"","ocean_display_footer_widgets":"default","ocean_display_footer_bottom":"default","ocean_custom_footer_template":"0","footnotes":""},"class_list":["post-21","page","type-page","status-publish","hentry","entry"],"yoast_head":"<!-- This site is optimized with the Yoast SEO plugin v27.3 - https:\/\/yoast.com\/product\/yoast-seo-wordpress\/ -->\n<title>Legal Notices - DILATOFLEX<\/title>\n<meta name=\"robots\" content=\"index, follow, max-snippet:-1, max-image-preview:large, max-video-preview:-1\" \/>\n<link rel=\"canonical\" href=\"https:\/\/dilatoflex.com\/de\/imprint\/\" \/>\n<meta property=\"og:locale\" content=\"de_DE\" \/>\n<meta property=\"og:type\" content=\"article\" \/>\n<meta property=\"og:title\" content=\"Legal Notices - DILATOFLEX\" \/>\n<meta property=\"og:description\" content=\"Information obligation according to \u00a7 5 TMG. ANVIS HOLDING S.A.S19 Route d\u2019ArchettesF-88000 EpinalFrance Register:\u00a0Commercialregister Register number:\u00a0883 481 178 R.C.S.Register\u00a0court\u00a0:\u00a0Epinal Tel.:\u00a0+33 3 29 64 33 33Email:\u00a0info@anvisgroup.com Managing DirectorSilvia Maier Source: Created with the\u00a0imprint generator\u00a0from AdSimple in cooperation with\u00a0hashtagmann.de EU dispute settlement In accordance with the regulation on online dispute resolution in consumer affairs (ODR regulation), we [&hellip;]\" \/>\n<meta property=\"og:url\" content=\"https:\/\/dilatoflex.com\/de\/imprint\/\" \/>\n<meta property=\"og:site_name\" content=\"DILATOFLEX\" \/>\n<meta property=\"article:modified_time\" content=\"2025-10-23T06:43:47+00:00\" \/>\n<meta name=\"twitter:card\" content=\"summary_large_image\" \/>\n<meta name=\"twitter:label1\" content=\"Gesch\u00e4tzte Lesezeit\" \/>\n\t<meta name=\"twitter:data1\" content=\"7\u00a0Minuten\" \/>\n<script type=\"application\/ld+json\" class=\"yoast-schema-graph\">{\"@context\":\"https:\\\/\\\/schema.org\",\"@graph\":[{\"@type\":\"WebPage\",\"@id\":\"https:\\\/\\\/dilatoflex.com\\\/imprint\\\/\",\"url\":\"https:\\\/\\\/dilatoflex.com\\\/imprint\\\/\",\"name\":\"Legal Notices - DILATOFLEX\",\"isPartOf\":{\"@id\":\"https:\\\/\\\/dilatoflex.com\\\/#website\"},\"primaryImageOfPage\":{\"@id\":\"https:\\\/\\\/dilatoflex.com\\\/imprint\\\/#primaryimage\"},\"image\":{\"@id\":\"https:\\\/\\\/dilatoflex.com\\\/imprint\\\/#primaryimage\"},\"thumbnailUrl\":\"https:\\\/\\\/relaunch.anvisgroup.com\\\/wp-content\\\/uploads\\\/2021\\\/01\\\/Logo-P-CATION-R-Slogan-EN-e1611230573376.jpg\",\"datePublished\":\"2021-02-18T14:15:11+00:00\",\"dateModified\":\"2025-10-23T06:43:47+00:00\",\"breadcrumb\":{\"@id\":\"https:\\\/\\\/dilatoflex.com\\\/imprint\\\/#breadcrumb\"},\"inLanguage\":\"de\",\"potentialAction\":[{\"@type\":\"ReadAction\",\"target\":[\"https:\\\/\\\/dilatoflex.com\\\/imprint\\\/\"]}]},{\"@type\":\"ImageObject\",\"inLanguage\":\"de\",\"@id\":\"https:\\\/\\\/dilatoflex.com\\\/imprint\\\/#primaryimage\",\"url\":\"https:\\\/\\\/relaunch.anvisgroup.com\\\/wp-content\\\/uploads\\\/2021\\\/01\\\/Logo-P-CATION-R-Slogan-EN-e1611230573376.jpg\",\"contentUrl\":\"https:\\\/\\\/relaunch.anvisgroup.com\\\/wp-content\\\/uploads\\\/2021\\\/01\\\/Logo-P-CATION-R-Slogan-EN-e1611230573376.jpg\"},{\"@type\":\"BreadcrumbList\",\"@id\":\"https:\\\/\\\/dilatoflex.com\\\/imprint\\\/#breadcrumb\",\"itemListElement\":[{\"@type\":\"ListItem\",\"position\":1,\"name\":\"Home\",\"item\":\"https:\\\/\\\/dilatoflex.com\\\/\"},{\"@type\":\"ListItem\",\"position\":2,\"name\":\"Legal Notices\"}]},{\"@type\":\"WebSite\",\"@id\":\"https:\\\/\\\/dilatoflex.com\\\/#website\",\"url\":\"https:\\\/\\\/dilatoflex.com\\\/\",\"name\":\"DILATOFLEX\",\"description\":\"by Anvis Industry\",\"potentialAction\":[{\"@type\":\"SearchAction\",\"target\":{\"@type\":\"EntryPoint\",\"urlTemplate\":\"https:\\\/\\\/dilatoflex.com\\\/?s={search_term_string}\"},\"query-input\":{\"@type\":\"PropertyValueSpecification\",\"valueRequired\":true,\"valueName\":\"search_term_string\"}}],\"inLanguage\":\"de\"}]}<\/script>\n<!-- \/ Yoast SEO plugin. -->","yoast_head_json":{"title":"Legal Notices - DILATOFLEX","robots":{"index":"index","follow":"follow","max-snippet":"max-snippet:-1","max-image-preview":"max-image-preview:large","max-video-preview":"max-video-preview:-1"},"canonical":"https:\/\/dilatoflex.com\/de\/imprint\/","og_locale":"de_DE","og_type":"article","og_title":"Legal Notices - DILATOFLEX","og_description":"Information obligation according to \u00a7 5 TMG. ANVIS HOLDING S.A.S19 Route d\u2019ArchettesF-88000 EpinalFrance Register:\u00a0Commercialregister Register number:\u00a0883 481 178 R.C.S.Register\u00a0court\u00a0:\u00a0Epinal Tel.:\u00a0+33 3 29 64 33 33Email:\u00a0info@anvisgroup.com Managing DirectorSilvia Maier Source: Created with the\u00a0imprint generator\u00a0from AdSimple in cooperation with\u00a0hashtagmann.de EU dispute settlement In accordance with the regulation on online dispute resolution in consumer affairs (ODR regulation), we [&hellip;]","og_url":"https:\/\/dilatoflex.com\/de\/imprint\/","og_site_name":"DILATOFLEX","article_modified_time":"2025-10-23T06:43:47+00:00","twitter_card":"summary_large_image","twitter_misc":{"Gesch\u00e4tzte Lesezeit":"7\u00a0Minuten"},"schema":{"@context":"https:\/\/schema.org","@graph":[{"@type":"WebPage","@id":"https:\/\/dilatoflex.com\/imprint\/","url":"https:\/\/dilatoflex.com\/imprint\/","name":"Legal Notices - DILATOFLEX","isPartOf":{"@id":"https:\/\/dilatoflex.com\/#website"},"primaryImageOfPage":{"@id":"https:\/\/dilatoflex.com\/imprint\/#primaryimage"},"image":{"@id":"https:\/\/dilatoflex.com\/imprint\/#primaryimage"},"thumbnailUrl":"https:\/\/relaunch.anvisgroup.com\/wp-content\/uploads\/2021\/01\/Logo-P-CATION-R-Slogan-EN-e1611230573376.jpg","datePublished":"2021-02-18T14:15:11+00:00","dateModified":"2025-10-23T06:43:47+00:00","breadcrumb":{"@id":"https:\/\/dilatoflex.com\/imprint\/#breadcrumb"},"inLanguage":"de","potentialAction":[{"@type":"ReadAction","target":["https:\/\/dilatoflex.com\/imprint\/"]}]},{"@type":"ImageObject","inLanguage":"de","@id":"https:\/\/dilatoflex.com\/imprint\/#primaryimage","url":"https:\/\/relaunch.anvisgroup.com\/wp-content\/uploads\/2021\/01\/Logo-P-CATION-R-Slogan-EN-e1611230573376.jpg","contentUrl":"https:\/\/relaunch.anvisgroup.com\/wp-content\/uploads\/2021\/01\/Logo-P-CATION-R-Slogan-EN-e1611230573376.jpg"},{"@type":"BreadcrumbList","@id":"https:\/\/dilatoflex.com\/imprint\/#breadcrumb","itemListElement":[{"@type":"ListItem","position":1,"name":"Home","item":"https:\/\/dilatoflex.com\/"},{"@type":"ListItem","position":2,"name":"Legal Notices"}]},{"@type":"WebSite","@id":"https:\/\/dilatoflex.com\/#website","url":"https:\/\/dilatoflex.com\/","name":"DILATOFLEX","description":"by Anvis Industry","potentialAction":[{"@type":"SearchAction","target":{"@type":"EntryPoint","urlTemplate":"https:\/\/dilatoflex.com\/?s={search_term_string}"},"query-input":{"@type":"PropertyValueSpecification","valueRequired":true,"valueName":"search_term_string"}}],"inLanguage":"de"}]}},"_links":{"self":[{"href":"https:\/\/dilatoflex.com\/de\/wp-json\/wp\/v2\/pages\/21","targetHints":{"allow":["GET"]}}],"collection":[{"href":"https:\/\/dilatoflex.com\/de\/wp-json\/wp\/v2\/pages"}],"about":[{"href":"https:\/\/dilatoflex.com\/de\/wp-json\/wp\/v2\/types\/page"}],"author":[{"embeddable":true,"href":"https:\/\/dilatoflex.com\/de\/wp-json\/wp\/v2\/users\/3"}],"replies":[{"embeddable":true,"href":"https:\/\/dilatoflex.com\/de\/wp-json\/wp\/v2\/comments?post=21"}],"version-history":[{"count":52,"href":"https:\/\/dilatoflex.com\/de\/wp-json\/wp\/v2\/pages\/21\/revisions"}],"predecessor-version":[{"id":1563,"href":"https:\/\/dilatoflex.com\/de\/wp-json\/wp\/v2\/pages\/21\/revisions\/1563"}],"wp:attachment":[{"href":"https:\/\/dilatoflex.com\/de\/wp-json\/wp\/v2\/media?parent=21"}],"curies":[{"name":"wp","href":"https:\/\/api.w.org\/{rel}","templated":true}]}}