{"id":63,"date":"2021-02-18T15:47:51","date_gmt":"2021-02-18T14:47:51","guid":{"rendered":"http:\/\/dilatoflex.anvisgroup.com\/?page_id=63"},"modified":"2021-04-15T11:11:55","modified_gmt":"2021-04-15T09:11:55","slug":"functions","status":"publish","type":"page","link":"https:\/\/dilatoflex.com\/de\/about-expansion-joints\/functions\/","title":{"rendered":"Funktionen"},"content":{"rendered":"<div data-elementor-type=\"wp-page\" data-elementor-id=\"63\" class=\"elementor elementor-63\">\n\t\t\t\t\t\t<section class=\"elementor-section elementor-top-section elementor-element elementor-element-33c29d35 elementor-section-boxed elementor-section-height-default elementor-section-height-default\" data-id=\"33c29d35\" data-element_type=\"section\" data-e-type=\"section\" data-settings=\"{&quot;background_background&quot;:&quot;classic&quot;}\">\n\t\t\t\t\t\t\t<div class=\"elementor-background-overlay\"><\/div>\n\t\t\t\t\t\t\t<div class=\"elementor-container elementor-column-gap-default\">\n\t\t\t\t\t<div class=\"elementor-column elementor-col-100 elementor-top-column elementor-element elementor-element-35e09b1f\" data-id=\"35e09b1f\" data-element_type=\"column\" data-e-type=\"column\">\n\t\t\t<div class=\"elementor-widget-wrap elementor-element-populated\">\n\t\t\t\t\t\t\t<\/div>\n\t\t<\/div>\n\t\t\t\t\t<\/div>\n\t\t<\/section>\n\t\t\t\t<section class=\"elementor-section elementor-top-section elementor-element elementor-element-f76e66a elementor-section-boxed elementor-section-height-default elementor-section-height-default\" data-id=\"f76e66a\" data-element_type=\"section\" data-e-type=\"section\">\n\t\t\t\t\t\t<div class=\"elementor-container elementor-column-gap-default\">\n\t\t\t\t\t<div class=\"elementor-column elementor-col-100 elementor-top-column elementor-element elementor-element-0b5facb\" data-id=\"0b5facb\" data-element_type=\"column\" data-e-type=\"column\">\n\t\t\t<div class=\"elementor-widget-wrap elementor-element-populated\">\n\t\t\t\t\t\t<div class=\"elementor-element elementor-element-c965433 elementor-widget elementor-widget-spacer\" data-id=\"c965433\" data-element_type=\"widget\" data-e-type=\"widget\" data-widget_type=\"spacer.default\">\n\t\t\t\t<div class=\"elementor-widget-container\">\n\t\t\t\t\t\t\t<div class=\"elementor-spacer\">\n\t\t\t<div class=\"elementor-spacer-inner\"><\/div>\n\t\t<\/div>\n\t\t\t\t\t\t<\/div>\n\t\t\t\t<\/div>\n\t\t\t\t\t<\/div>\n\t\t<\/div>\n\t\t\t\t\t<\/div>\n\t\t<\/section>\n\t\t\t\t<section class=\"elementor-section elementor-top-section elementor-element elementor-element-f081757 elementor-section-boxed elementor-section-height-default elementor-section-height-default\" data-id=\"f081757\" data-element_type=\"section\" data-e-type=\"section\">\n\t\t\t\t\t\t<div class=\"elementor-container elementor-column-gap-default\">\n\t\t\t\t\t<div class=\"elementor-column elementor-col-100 elementor-top-column elementor-element elementor-element-f9f9996\" data-id=\"f9f9996\" data-element_type=\"column\" data-e-type=\"column\">\n\t\t\t<div class=\"elementor-widget-wrap elementor-element-populated\">\n\t\t\t\t\t\t<div class=\"elementor-element elementor-element-48be067 elementor-widget elementor-widget-text-editor\" data-id=\"48be067\" data-element_type=\"widget\" data-e-type=\"widget\" data-widget_type=\"text-editor.default\">\n\t\t\t\t<div class=\"elementor-widget-container\">\n\t\t\t\t\t\t\t\t\t<p class=\"translation-block\"><strong style=\"color: red\">DILATOFLEX\u00ae<\/strong> Kompensatoren erm\u00f6glichen:<\/p>\t\t\t\t\t\t\t\t<\/div>\n\t\t\t\t<\/div>\n\t\t\t\t<div class=\"elementor-element elementor-element-e41018a elementor-widget elementor-widget-heading\" data-id=\"e41018a\" data-element_type=\"widget\" data-e-type=\"widget\" data-widget_type=\"heading.default\">\n\t\t\t\t<div class=\"elementor-widget-container\">\n\t\t\t\t\t<h2 class=\"elementor-heading-title elementor-size-default\">Einrichtungen und Ger\u00e4te zu sch\u00fctzen dank<\/h2>\t\t\t\t<\/div>\n\t\t\t\t<\/div>\n\t\t\t\t<div class=\"elementor-element elementor-element-4235550 elementor-align-start elementor-icon-list--layout-traditional elementor-list-item-link-full_width elementor-widget elementor-widget-icon-list\" data-id=\"4235550\" data-element_type=\"widget\" data-e-type=\"widget\" data-widget_type=\"icon-list.default\">\n\t\t\t\t<div class=\"elementor-widget-container\">\n\t\t\t\t\t\t\t<ul class=\"elementor-icon-list-items\">\n\t\t\t\t\t\t\t<li class=\"elementor-icon-list-item translation-block\"><span class=\"elementor-icon-list-icon\">\n\t\t\t\t\t\t\t<i aria-hidden=\"true\" class=\"fas fa-square-full\"><\/i>\t\t\t\t\t\t<\/span>\n\t\t\t\t\t\t\t\t\t\t<span class=\"elementor-icon-list-text\">\n<b>Absorption von dimensionellen Rohrleitungsschwankungen<\/b> die durch Temperatur\u00e4nderungen  und\/oder durch die  <b>erzeugten Kr\u00e4fte<\/b>  der gef\u00f6rderten Fl\u00fcssigkeiten verursacht werden.<\/li>\n\t\t\t\t\t\t\t\t<li class=\"elementor-icon-list-item translation-block\"><span class=\"elementor-icon-list-icon\">\n\t\t\t\t\t\t\t<i aria-hidden=\"true\" class=\"fas fa-square-full\"><\/i>\t\t\t\t\t\t<\/span>\n\t\t\t\t\t\t\t\t\t\t<span class=\"elementor-icon-list-text\">\n<b>Begrenzung von Vibrationen <\/b>die durch den Betrieb der Anlage verursacht werden.<\/li>\n\t\t\t\t\t\t\t\t<li class=\"elementor-icon-list-item translation-block\"><span class=\"elementor-icon-list-icon\">\n\t\t\t\t\t\t\t<i aria-hidden=\"true\" class=\"fas fa-square-full\"><\/i>\t\t\t\t\t\t<\/span>\n\t\t\t\t\t\t\t\t\t\t<span class=\"elementor-icon-list-text\">\n<b>Reduzierung des Wasserschlags<\/b> der durch Fl\u00fcssigkeitszirkulation oder pl\u00f6tzliches Schlie\u00dfen eines Ventils erzeugt wurde.<\/li>\n\t\t\t\t\t\t<\/ul>\n\t\t\t\t\t\t<\/div>\n\t\t\t\t<\/div>\n\t\t\t\t<div class=\"elementor-element elementor-element-75a2801 elementor-widget elementor-widget-heading\" data-id=\"75a2801\" data-element_type=\"widget\" data-e-type=\"widget\" data-widget_type=\"heading.default\">\n\t\t\t\t<div class=\"elementor-widget-container\">\n\t\t\t\t\t<h2 class=\"elementor-heading-title elementor-size-default\">Komfort zu verbessern dank<\/h2>\t\t\t\t<\/div>\n\t\t\t\t<\/div>\n\t\t\t\t<div class=\"elementor-element elementor-element-4c3a5eb elementor-align-start elementor-icon-list--layout-traditional elementor-list-item-link-full_width elementor-widget elementor-widget-icon-list\" data-id=\"4c3a5eb\" data-element_type=\"widget\" data-e-type=\"widget\" data-widget_type=\"icon-list.default\">\n\t\t\t\t<div class=\"elementor-widget-container\">\n\t\t\t\t\t\t\t<ul class=\"elementor-icon-list-items\">\n\t\t\t\t\t\t\t<li class=\"elementor-icon-list-item translation-block\"><span class=\"elementor-icon-list-icon\">\n\t\t\t\t\t\t\t<i aria-hidden=\"true\" class=\"fas fa-square-full\"><\/i>\t\t\t\t\t\t<\/span>\n\t\t\t\t\t\t\t\t\t\t<span class=\"elementor-icon-list-text\">\n<b>Reduzierung der L\u00e4rmbelastung<\/b> welche  von der Anlage ausgeht.<\/li>\n\t\t\t\t\t\t<\/ul>\n\t\t\t\t\t\t<\/div>\n\t\t\t\t<\/div>\n\t\t\t\t<div class=\"elementor-element elementor-element-67ad39b elementor-widget elementor-widget-heading\" data-id=\"67ad39b\" data-element_type=\"widget\" data-e-type=\"widget\" data-widget_type=\"heading.default\">\n\t\t\t\t<div class=\"elementor-widget-container\">\n\t\t\t\t\t<h2 class=\"elementor-heading-title elementor-size-default\">Wartung zu vereinfachen dank<\/h2>\t\t\t\t<\/div>\n\t\t\t\t<\/div>\n\t\t\t\t<div class=\"elementor-element elementor-element-507a602 elementor-align-start elementor-icon-list--layout-traditional elementor-list-item-link-full_width elementor-widget elementor-widget-icon-list\" data-id=\"507a602\" data-element_type=\"widget\" data-e-type=\"widget\" data-widget_type=\"icon-list.default\">\n\t\t\t\t<div class=\"elementor-widget-container\">\n\t\t\t\t\t\t\t<ul class=\"elementor-icon-list-items\">\n\t\t\t\t\t\t\t<li class=\"elementor-icon-list-item translation-block\"><span class=\"elementor-icon-list-icon\">\n\t\t\t\t\t\t\t<i aria-hidden=\"true\" class=\"fas fa-square-full\"><\/i>\t\t\t\t\t\t<\/span>\n\t\t\t\t\t\t\t\t\t\t<span class=\"elementor-icon-list-text\">\n<b>M\u00f6glichkeit<\/b> von multiplen Montage- und Demontagevorg\u00e4ngen<\/li>\n\t\t\t\t\t\t\t\t<li class=\"elementor-icon-list-item translation-block\"><span class=\"elementor-icon-list-icon\">\n\t\t\t\t\t\t\t<i aria-hidden=\"true\" class=\"fas fa-square-full\"><\/i>\t\t\t\t\t\t<\/span>\n\t\t\t\t\t\t\t\t\t\t<span class=\"elementor-icon-list-text\">\nmit <b>Vermeidung<\/b>  von Fehlausrichtungen<\/li>\n\t\t\t\t\t\t<\/ul>\n\t\t\t\t\t\t<\/div>\n\t\t\t\t<\/div>\n\t\t\t\t\t<\/div>\n\t\t<\/div>\n\t\t\t\t\t<\/div>\n\t\t<\/section>\n\t\t\t\t<section class=\"elementor-section elementor-top-section elementor-element elementor-element-e9c3139 elementor-section-boxed elementor-section-height-default elementor-section-height-default\" data-id=\"e9c3139\" data-element_type=\"section\" data-e-type=\"section\">\n\t\t\t\t\t\t<div class=\"elementor-container elementor-column-gap-default\">\n\t\t\t\t\t<div class=\"elementor-column elementor-col-100 elementor-top-column elementor-element elementor-element-781f488\" data-id=\"781f488\" data-element_type=\"column\" data-e-type=\"column\">\n\t\t\t<div class=\"elementor-widget-wrap elementor-element-populated\">\n\t\t\t\t\t\t<div class=\"elementor-element elementor-element-c26cf0a elementor-widget elementor-widget-spacer\" data-id=\"c26cf0a\" data-element_type=\"widget\" data-e-type=\"widget\" data-widget_type=\"spacer.default\">\n\t\t\t\t<div class=\"elementor-widget-container\">\n\t\t\t\t\t\t\t<div class=\"elementor-spacer\">\n\t\t\t<div class=\"elementor-spacer-inner\"><\/div>\n\t\t<\/div>\n\t\t\t\t\t\t<\/div>\n\t\t\t\t<\/div>\n\t\t\t\t\t<\/div>\n\t\t<\/div>\n\t\t\t\t\t<\/div>\n\t\t<\/section>\n\t\t\t\t<\/div>","protected":false},"excerpt":{"rendered":"<p>The expansion joints\u00a0DILATOFLEX\u00ae\u00a0 allow: To protect installations and equipments absorbing pipes&#8217; dimensional variations due to ambient or fluid temperature changes and generated forces limiting vibrations due to the installation operation attenuating waters hammers due to fluid flow or sudden valve closing To improve comfort reducing noises due to the installation operation To make maintainance and [&hellip;]<\/p>\n","protected":false},"author":3,"featured_media":0,"parent":11,"menu_order":0,"comment_status":"closed","ping_status":"closed","template":"elementor_header_footer","meta":{"ocean_post_layout":"","ocean_both_sidebars_style":"","ocean_both_sidebars_content_width":0,"ocean_both_sidebars_sidebars_width":0,"ocean_sidebar":"0","ocean_second_sidebar":"0","ocean_disable_margins":"enable","ocean_add_body_class":"","ocean_shortcode_before_top_bar":"","ocean_shortcode_after_top_bar":"","ocean_shortcode_before_header":"","ocean_shortcode_after_header":"","ocean_has_shortcode":"","ocean_shortcode_after_title":"","ocean_shortcode_before_footer_widgets":"","ocean_shortcode_after_footer_widgets":"","ocean_shortcode_before_footer_bottom":"","ocean_shortcode_after_footer_bottom":"","ocean_display_top_bar":"default","ocean_display_header":"default","ocean_header_style":"","ocean_center_header_left_menu":"0","ocean_custom_header_template":"0","ocean_custom_logo":0,"ocean_custom_retina_logo":0,"ocean_custom_logo_max_width":0,"ocean_custom_logo_tablet_max_width":0,"ocean_custom_logo_mobile_max_width":0,"ocean_custom_logo_max_height":0,"ocean_custom_logo_tablet_max_height":0,"ocean_custom_logo_mobile_max_height":0,"ocean_header_custom_menu":"0","ocean_menu_typo_font_family":"0","ocean_menu_typo_font_subset":"","ocean_menu_typo_font_size":0,"ocean_menu_typo_font_size_tablet":0,"ocean_menu_typo_font_size_mobile":0,"ocean_menu_typo_font_size_unit":"px","ocean_menu_typo_font_weight":"","ocean_menu_typo_font_weight_tablet":"","ocean_menu_typo_font_weight_mobile":"","ocean_menu_typo_transform":"","ocean_menu_typo_transform_tablet":"","ocean_menu_typo_transform_mobile":"","ocean_menu_typo_line_height":0,"ocean_menu_typo_line_height_tablet":0,"ocean_menu_typo_line_height_mobile":0,"ocean_menu_typo_line_height_unit":"","ocean_menu_typo_spacing":0,"ocean_menu_typo_spacing_tablet":0,"ocean_menu_typo_spacing_mobile":0,"ocean_menu_typo_spacing_unit":"","ocean_menu_link_color":"","ocean_menu_link_color_hover":"","ocean_menu_link_color_active":"","ocean_menu_link_background":"","ocean_menu_link_hover_background":"","ocean_menu_link_active_background":"","ocean_menu_social_links_bg":"","ocean_menu_social_hover_links_bg":"","ocean_menu_social_links_color":"","ocean_menu_social_hover_links_color":"","ocean_disable_title":"on","ocean_disable_heading":"default","ocean_post_title":"","ocean_post_subheading":"","ocean_post_title_style":"","ocean_post_title_background_color":"","ocean_post_title_background":0,"ocean_post_title_bg_image_position":"","ocean_post_title_bg_image_attachment":"","ocean_post_title_bg_image_repeat":"","ocean_post_title_bg_image_size":"","ocean_post_title_height":0,"ocean_post_title_bg_overlay":0.5,"ocean_post_title_bg_overlay_color":"","ocean_disable_breadcrumbs":"default","ocean_breadcrumbs_color":"","ocean_breadcrumbs_separator_color":"","ocean_breadcrumbs_links_color":"","ocean_breadcrumbs_links_hover_color":"","ocean_display_footer_widgets":"default","ocean_display_footer_bottom":"default","ocean_custom_footer_template":"0","footnotes":""},"class_list":["post-63","page","type-page","status-publish","hentry","entry"],"yoast_head":"<!-- This site is optimized with the Yoast SEO plugin v27.4 - https:\/\/yoast.com\/product\/yoast-seo-wordpress\/ -->\n<title>Functions - DILATOFLEX<\/title>\n<meta name=\"robots\" content=\"index, follow, max-snippet:-1, max-image-preview:large, max-video-preview:-1\" \/>\n<link rel=\"canonical\" href=\"https:\/\/dilatoflex.com\/de\/about-expansion-joints\/functions\/\" \/>\n<meta property=\"og:locale\" content=\"de_DE\" \/>\n<meta property=\"og:type\" content=\"article\" \/>\n<meta property=\"og:title\" content=\"Functions - DILATOFLEX\" \/>\n<meta property=\"og:description\" content=\"The expansion joints\u00a0DILATOFLEX\u00ae\u00a0 allow: To protect installations and equipments absorbing pipes&#8217; dimensional variations due to ambient or fluid temperature changes and generated forces limiting vibrations due to the installation operation attenuating waters hammers due to fluid flow or sudden valve closing To improve comfort reducing noises due to the installation operation To make maintainance and [&hellip;]\" \/>\n<meta property=\"og:url\" content=\"https:\/\/dilatoflex.com\/de\/about-expansion-joints\/functions\/\" \/>\n<meta property=\"og:site_name\" content=\"DILATOFLEX\" \/>\n<meta property=\"article:modified_time\" content=\"2021-04-15T09:11:55+00:00\" \/>\n<meta name=\"twitter:card\" content=\"summary_large_image\" \/>\n<script type=\"application\/ld+json\" class=\"yoast-schema-graph\">{\"@context\":\"https:\\\/\\\/schema.org\",\"@graph\":[{\"@type\":\"WebPage\",\"@id\":\"https:\\\/\\\/dilatoflex.com\\\/about-expansion-joints\\\/functions\\\/\",\"url\":\"https:\\\/\\\/dilatoflex.com\\\/about-expansion-joints\\\/functions\\\/\",\"name\":\"Functions - DILATOFLEX\",\"isPartOf\":{\"@id\":\"https:\\\/\\\/dilatoflex.com\\\/#website\"},\"datePublished\":\"2021-02-18T14:47:51+00:00\",\"dateModified\":\"2021-04-15T09:11:55+00:00\",\"breadcrumb\":{\"@id\":\"https:\\\/\\\/dilatoflex.com\\\/about-expansion-joints\\\/functions\\\/#breadcrumb\"},\"inLanguage\":\"de\",\"potentialAction\":[{\"@type\":\"ReadAction\",\"target\":[\"https:\\\/\\\/dilatoflex.com\\\/about-expansion-joints\\\/functions\\\/\"]}]},{\"@type\":\"BreadcrumbList\",\"@id\":\"https:\\\/\\\/dilatoflex.com\\\/about-expansion-joints\\\/functions\\\/#breadcrumb\",\"itemListElement\":[{\"@type\":\"ListItem\",\"position\":1,\"name\":\"Home\",\"item\":\"https:\\\/\\\/dilatoflex.com\\\/\"},{\"@type\":\"ListItem\",\"position\":2,\"name\":\"About expansion joints\",\"item\":\"https:\\\/\\\/dilatoflex.com\\\/about-expansion-joints\\\/\"},{\"@type\":\"ListItem\",\"position\":3,\"name\":\"Functions\"}]},{\"@type\":\"WebSite\",\"@id\":\"https:\\\/\\\/dilatoflex.com\\\/#website\",\"url\":\"https:\\\/\\\/dilatoflex.com\\\/\",\"name\":\"DILATOFLEX\",\"description\":\"by Anvis Industry\",\"potentialAction\":[{\"@type\":\"SearchAction\",\"target\":{\"@type\":\"EntryPoint\",\"urlTemplate\":\"https:\\\/\\\/dilatoflex.com\\\/?s={search_term_string}\"},\"query-input\":{\"@type\":\"PropertyValueSpecification\",\"valueRequired\":true,\"valueName\":\"search_term_string\"}}],\"inLanguage\":\"de\"}]}<\/script>\n<!-- \/ Yoast SEO plugin. -->","yoast_head_json":{"title":"Functions - DILATOFLEX","robots":{"index":"index","follow":"follow","max-snippet":"max-snippet:-1","max-image-preview":"max-image-preview:large","max-video-preview":"max-video-preview:-1"},"canonical":"https:\/\/dilatoflex.com\/de\/about-expansion-joints\/functions\/","og_locale":"de_DE","og_type":"article","og_title":"Functions - DILATOFLEX","og_description":"The expansion joints\u00a0DILATOFLEX\u00ae\u00a0 allow: To protect installations and equipments absorbing pipes&#8217; dimensional variations due to ambient or fluid temperature changes and generated forces limiting vibrations due to the installation operation attenuating waters hammers due to fluid flow or sudden valve closing To improve comfort reducing noises due to the installation operation To make maintainance and [&hellip;]","og_url":"https:\/\/dilatoflex.com\/de\/about-expansion-joints\/functions\/","og_site_name":"DILATOFLEX","article_modified_time":"2021-04-15T09:11:55+00:00","twitter_card":"summary_large_image","schema":{"@context":"https:\/\/schema.org","@graph":[{"@type":"WebPage","@id":"https:\/\/dilatoflex.com\/about-expansion-joints\/functions\/","url":"https:\/\/dilatoflex.com\/about-expansion-joints\/functions\/","name":"Functions - DILATOFLEX","isPartOf":{"@id":"https:\/\/dilatoflex.com\/#website"},"datePublished":"2021-02-18T14:47:51+00:00","dateModified":"2021-04-15T09:11:55+00:00","breadcrumb":{"@id":"https:\/\/dilatoflex.com\/about-expansion-joints\/functions\/#breadcrumb"},"inLanguage":"de","potentialAction":[{"@type":"ReadAction","target":["https:\/\/dilatoflex.com\/about-expansion-joints\/functions\/"]}]},{"@type":"BreadcrumbList","@id":"https:\/\/dilatoflex.com\/about-expansion-joints\/functions\/#breadcrumb","itemListElement":[{"@type":"ListItem","position":1,"name":"Home","item":"https:\/\/dilatoflex.com\/"},{"@type":"ListItem","position":2,"name":"About expansion joints","item":"https:\/\/dilatoflex.com\/about-expansion-joints\/"},{"@type":"ListItem","position":3,"name":"Functions"}]},{"@type":"WebSite","@id":"https:\/\/dilatoflex.com\/#website","url":"https:\/\/dilatoflex.com\/","name":"DILATOFLEX","description":"by Anvis Industry","potentialAction":[{"@type":"SearchAction","target":{"@type":"EntryPoint","urlTemplate":"https:\/\/dilatoflex.com\/?s={search_term_string}"},"query-input":{"@type":"PropertyValueSpecification","valueRequired":true,"valueName":"search_term_string"}}],"inLanguage":"de"}]}},"_links":{"self":[{"href":"https:\/\/dilatoflex.com\/de\/wp-json\/wp\/v2\/pages\/63","targetHints":{"allow":["GET"]}}],"collection":[{"href":"https:\/\/dilatoflex.com\/de\/wp-json\/wp\/v2\/pages"}],"about":[{"href":"https:\/\/dilatoflex.com\/de\/wp-json\/wp\/v2\/types\/page"}],"author":[{"embeddable":true,"href":"https:\/\/dilatoflex.com\/de\/wp-json\/wp\/v2\/users\/3"}],"replies":[{"embeddable":true,"href":"https:\/\/dilatoflex.com\/de\/wp-json\/wp\/v2\/comments?post=63"}],"version-history":[{"count":33,"href":"https:\/\/dilatoflex.com\/de\/wp-json\/wp\/v2\/pages\/63\/revisions"}],"predecessor-version":[{"id":775,"href":"https:\/\/dilatoflex.com\/de\/wp-json\/wp\/v2\/pages\/63\/revisions\/775"}],"up":[{"embeddable":true,"href":"https:\/\/dilatoflex.com\/de\/wp-json\/wp\/v2\/pages\/11"}],"wp:attachment":[{"href":"https:\/\/dilatoflex.com\/de\/wp-json\/wp\/v2\/media?parent=63"}],"curies":[{"name":"wp","href":"https:\/\/api.w.org\/{rel}","templated":true}]}}