{"id":96,"date":"2021-02-18T16:18:41","date_gmt":"2021-02-18T15:18:41","guid":{"rendered":"http:\/\/dilatoflex.anvisgroup.com\/?page_id=96"},"modified":"2025-10-21T08:28:35","modified_gmt":"2025-10-21T06:28:35","slug":"services","status":"publish","type":"page","link":"https:\/\/dilatoflex.com\/de\/services\/","title":{"rendered":"Leistungen"},"content":{"rendered":"<div data-elementor-type=\"wp-page\" data-elementor-id=\"96\" class=\"elementor elementor-96\">\n\t\t\t\t\t\t<section class=\"elementor-section elementor-top-section elementor-element elementor-element-1582d39 elementor-section-boxed elementor-section-height-default elementor-section-height-default\" data-id=\"1582d39\" data-element_type=\"section\" data-e-type=\"section\" data-settings=\"{&quot;background_background&quot;:&quot;classic&quot;}\">\n\t\t\t\t\t\t\t<div class=\"elementor-background-overlay\"><\/div>\n\t\t\t\t\t\t\t<div class=\"elementor-container elementor-column-gap-default\">\n\t\t\t\t\t<div class=\"elementor-column elementor-col-100 elementor-top-column elementor-element elementor-element-ae70897\" data-id=\"ae70897\" data-element_type=\"column\" data-e-type=\"column\">\n\t\t\t<div class=\"elementor-widget-wrap elementor-element-populated\">\n\t\t\t\t\t\t\t<\/div>\n\t\t<\/div>\n\t\t\t\t\t<\/div>\n\t\t<\/section>\n\t\t\t\t<section class=\"elementor-section elementor-top-section elementor-element elementor-element-941c449 elementor-section-boxed elementor-section-height-default elementor-section-height-default\" data-id=\"941c449\" data-element_type=\"section\" data-e-type=\"section\">\n\t\t\t\t\t\t<div class=\"elementor-container elementor-column-gap-default\">\n\t\t\t\t\t<div class=\"elementor-column elementor-col-100 elementor-top-column elementor-element elementor-element-1a3a932\" data-id=\"1a3a932\" data-element_type=\"column\" data-e-type=\"column\">\n\t\t\t<div class=\"elementor-widget-wrap elementor-element-populated\">\n\t\t\t\t\t\t<div class=\"elementor-element elementor-element-3b79171 elementor-widget elementor-widget-spacer\" data-id=\"3b79171\" data-element_type=\"widget\" data-e-type=\"widget\" data-widget_type=\"spacer.default\">\n\t\t\t\t<div class=\"elementor-widget-container\">\n\t\t\t\t\t\t\t<div class=\"elementor-spacer\">\n\t\t\t<div class=\"elementor-spacer-inner\"><\/div>\n\t\t<\/div>\n\t\t\t\t\t\t<\/div>\n\t\t\t\t<\/div>\n\t\t\t\t<div class=\"elementor-element elementor-element-192b2c4 elementor-widget elementor-widget-text-editor\" data-id=\"192b2c4\" data-element_type=\"widget\" data-e-type=\"widget\" data-widget_type=\"text-editor.default\">\n\t\t\t\t<div class=\"elementor-widget-container\">\n\t\t\t\t\t\t\t\t\t<p class=\"translation-block\">Unser <b style=\"color: red\">DILATOFLEX\u00ae-Team<\/b> steht ihnen zur  Verf\u00fcgung um ein geeignetes Produkt gem\u00e4\u00df Ihren Spezifikationen auch als  ma\u00dfgeschneiderte L\u00f6sung zu entwickeln und anzubieten. Was auch immer Ihre Anfrage ist, ein qualifizierter Experte wird sie begleiten - kontaktieren Sie uns!<\/p>\t\t\t\t\t\t\t\t<\/div>\n\t\t\t\t<\/div>\n\t\t\t\t<div class=\"elementor-element elementor-element-4fbdba8 elementor-widget-divider--view-line elementor-widget elementor-widget-divider\" data-id=\"4fbdba8\" data-element_type=\"widget\" data-e-type=\"widget\" data-widget_type=\"divider.default\">\n\t\t\t\t<div class=\"elementor-widget-container\">\n\t\t\t\t\t\t\t<div class=\"elementor-divider\">\n\t\t\t<span class=\"elementor-divider-separator\">\n\t\t\t\t\t\t<\/span>\n\t\t<\/div>\n\t\t\t\t\t\t<\/div>\n\t\t\t\t<\/div>\n\t\t\t\t<section class=\"elementor-section elementor-inner-section elementor-element elementor-element-899820e elementor-section-boxed elementor-section-height-default elementor-section-height-default\" data-id=\"899820e\" data-element_type=\"section\" data-e-type=\"section\">\n\t\t\t\t\t\t<div class=\"elementor-container elementor-column-gap-default\">\n\t\t\t\t\t<div class=\"elementor-column elementor-col-25 elementor-inner-column elementor-element elementor-element-cb8e61a\" data-id=\"cb8e61a\" data-element_type=\"column\" data-e-type=\"column\">\n\t\t\t<div class=\"elementor-widget-wrap elementor-element-populated\">\n\t\t\t\t\t\t<div class=\"elementor-element elementor-element-299d6c2 elementor-position-top elementor-widget elementor-widget-image-box\" data-id=\"299d6c2\" data-element_type=\"widget\" data-e-type=\"widget\" data-widget_type=\"image-box.default\">\n\t\t\t\t<div class=\"elementor-widget-container\">\n\t\t\t\t\t<div class=\"elementor-image-box-wrapper\"><figure class=\"elementor-image-box-img\"><img decoding=\"async\" width=\"200\" height=\"120\" src=\"https:\/\/dilatoflex.com\/wp-content\/uploads\/2021\/02\/11.jpg\" class=\"attachment-full size-full wp-image-128\" alt=\"\" \/><\/figure><div class=\"elementor-image-box-content\"><h3 class=\"elementor-image-box-title\">Vorort Expertise<\/h3><p class=\"elementor-image-box-description\">Unsere Experten k\u00f6nnen Vorort den Zustand Ihrer Komponenten pr\u00fcfen, Steifigkeitsmessungen durchf\u00fchren, Montagebedingungen \u00fcberpr\u00fcfen ... Falls erforderlich, testen wir auch Ihre Komponenten in unserem Werk.\u00a0<\/p><\/div><\/div>\t\t\t\t<\/div>\n\t\t\t\t<\/div>\n\t\t\t\t\t<\/div>\n\t\t<\/div>\n\t\t\t\t<div class=\"elementor-column elementor-col-25 elementor-inner-column elementor-element elementor-element-9d8e6d4\" data-id=\"9d8e6d4\" data-element_type=\"column\" data-e-type=\"column\">\n\t\t\t<div class=\"elementor-widget-wrap elementor-element-populated\">\n\t\t\t\t\t\t<div class=\"elementor-element elementor-element-90a4454 elementor-position-top elementor-widget elementor-widget-image-box\" data-id=\"90a4454\" data-element_type=\"widget\" data-e-type=\"widget\" data-widget_type=\"image-box.default\">\n\t\t\t\t<div class=\"elementor-widget-container\">\n\t\t\t\t\t<div class=\"elementor-image-box-wrapper\"><figure class=\"elementor-image-box-img\"><img fetchpriority=\"high\" decoding=\"async\" width=\"800\" height=\"450\" src=\"https:\/\/dilatoflex.com\/wp-content\/uploads\/2025\/10\/Jonctionnement-e1761027840671-800x450.jpg\" class=\"attachment-ocean-thumb-ml size-ocean-thumb-ml wp-image-1296\" alt=\"\" \/><\/figure><div class=\"elementor-image-box-content\"><h3 class=\"elementor-image-box-title\">Vor-Ort Montage<\/h3><p class=\"elementor-image-box-description\">Hochkomplexe Bauteile wie BPO, BC1, U-Profil-Kompensatoren f\u00fcr Kernkraftwerke werden von unseren erfahrenen und spezialisierten Teams vor Ort installiert. Dies garantiert Ihnen eine perfekte Dichtigkeit und eine lange Haltbarkeit.\u00a0<\/p><\/div><\/div>\t\t\t\t<\/div>\n\t\t\t\t<\/div>\n\t\t\t\t\t<\/div>\n\t\t<\/div>\n\t\t\t\t<div class=\"elementor-column elementor-col-25 elementor-inner-column elementor-element elementor-element-f294af6\" data-id=\"f294af6\" data-element_type=\"column\" data-e-type=\"column\">\n\t\t\t<div class=\"elementor-widget-wrap elementor-element-populated\">\n\t\t\t\t\t\t<div class=\"elementor-element elementor-element-828665b elementor-position-top elementor-widget elementor-widget-image-box\" data-id=\"828665b\" data-element_type=\"widget\" data-e-type=\"widget\" data-widget_type=\"image-box.default\">\n\t\t\t\t<div class=\"elementor-widget-container\">\n\t\t\t\t\t<div class=\"elementor-image-box-wrapper\"><figure class=\"elementor-image-box-img\"><img decoding=\"async\" width=\"200\" height=\"120\" src=\"https:\/\/dilatoflex.com\/wp-content\/uploads\/2021\/02\/Preconisation-et-conseils.png\" class=\"attachment-full size-full wp-image-155\" alt=\"\" \/><\/figure><div class=\"elementor-image-box-content\"><h3 class=\"elementor-image-box-title\">Recommendation &amp; guidance<\/h3><p class=\"elementor-image-box-description\">Sie erreichen uns \u00fcber unser Kontaktformular. Unser geschultes Team wird Ihnen so schnell wie m\u00f6glich antworten und eine optimale und angepasste L\u00f6sung f\u00fcr Sie finden. Kontaktieren sie uns einfach.<\/p><\/div><\/div>\t\t\t\t<\/div>\n\t\t\t\t<\/div>\n\t\t\t\t\t<\/div>\n\t\t<\/div>\n\t\t\t\t<div class=\"elementor-column elementor-col-25 elementor-inner-column elementor-element elementor-element-6ff2235\" data-id=\"6ff2235\" data-element_type=\"column\" data-e-type=\"column\">\n\t\t\t<div class=\"elementor-widget-wrap elementor-element-populated\">\n\t\t\t\t\t\t<div class=\"elementor-element elementor-element-afdf268 elementor-position-top elementor-widget elementor-widget-image-box\" data-id=\"afdf268\" data-element_type=\"widget\" data-e-type=\"widget\" data-widget_type=\"image-box.default\">\n\t\t\t\t<div class=\"elementor-widget-container\">\n\t\t\t\t\t<div class=\"elementor-image-box-wrapper\"><figure class=\"elementor-image-box-img\"><img loading=\"lazy\" decoding=\"async\" width=\"200\" height=\"120\" src=\"https:\/\/dilatoflex.com\/wp-content\/uploads\/2021\/02\/4.jpg\" class=\"attachment-full size-full wp-image-131\" alt=\"\" \/><\/figure><div class=\"elementor-image-box-content\"><h3 class=\"elementor-image-box-title\">Produktschulungen<\/h3><p class=\"elementor-image-box-description\">Profitieren sie von unserer hochwertigen Produktschulung durch erfahrene Mitarbeiter aus den Bereichen Qualit\u00e4tskontrolle, Fertigung und Verkauf. Zus\u00e4tzlch erhalten sie detaillierte Informationen zu neuen Produkten und nat\u00fcrlich beantworten wir gerne alle Ihre Fragen.<\/p><\/div><\/div>\t\t\t\t<\/div>\n\t\t\t\t<\/div>\n\t\t\t\t\t<\/div>\n\t\t<\/div>\n\t\t\t\t\t<\/div>\n\t\t<\/section>\n\t\t\t\t<div class=\"elementor-element elementor-element-909f06c elementor-widget-divider--view-line elementor-widget elementor-widget-divider\" data-id=\"909f06c\" data-element_type=\"widget\" data-e-type=\"widget\" data-widget_type=\"divider.default\">\n\t\t\t\t<div class=\"elementor-widget-container\">\n\t\t\t\t\t\t\t<div class=\"elementor-divider\">\n\t\t\t<span class=\"elementor-divider-separator\">\n\t\t\t\t\t\t<\/span>\n\t\t<\/div>\n\t\t\t\t\t\t<\/div>\n\t\t\t\t<\/div>\n\t\t\t\t<section class=\"elementor-section elementor-inner-section elementor-element elementor-element-6e84b61 elementor-section-boxed elementor-section-height-default elementor-section-height-default\" data-id=\"6e84b61\" data-element_type=\"section\" data-e-type=\"section\">\n\t\t\t\t\t\t<div class=\"elementor-container elementor-column-gap-default\">\n\t\t\t\t\t<div class=\"elementor-column elementor-col-25 elementor-inner-column elementor-element elementor-element-325aaa4\" data-id=\"325aaa4\" data-element_type=\"column\" data-e-type=\"column\">\n\t\t\t<div class=\"elementor-widget-wrap elementor-element-populated\">\n\t\t\t\t\t\t<div class=\"elementor-element elementor-element-464d277 elementor-position-top elementor-widget elementor-widget-image-box\" data-id=\"464d277\" data-element_type=\"widget\" data-e-type=\"widget\" data-widget_type=\"image-box.default\">\n\t\t\t\t<div class=\"elementor-widget-container\">\n\t\t\t\t\t<div class=\"elementor-image-box-wrapper\"><figure class=\"elementor-image-box-img\"><img loading=\"lazy\" decoding=\"async\" width=\"200\" height=\"120\" src=\"https:\/\/dilatoflex.com\/wp-content\/uploads\/2021\/02\/5.jpg\" class=\"attachment-full size-full wp-image-132\" alt=\"\" \/><\/figure><div class=\"elementor-image-box-content\"><h3 class=\"elementor-image-box-title\">Kundenspezifische L\u00f6sungen<\/h3><p class=\"elementor-image-box-description\">Unsere Ingenieure und Techniker stehen Ihnen zur Verf\u00fcgung um Ihnen optimale und ma\u00dfgeschneiderte L\u00f6sungen anzubieten.<\/p><\/div><\/div>\t\t\t\t<\/div>\n\t\t\t\t<\/div>\n\t\t\t\t\t<\/div>\n\t\t<\/div>\n\t\t\t\t<div class=\"elementor-column elementor-col-25 elementor-inner-column elementor-element elementor-element-bdfa20b\" data-id=\"bdfa20b\" data-element_type=\"column\" data-e-type=\"column\">\n\t\t\t<div class=\"elementor-widget-wrap elementor-element-populated\">\n\t\t\t\t\t\t<div class=\"elementor-element elementor-element-3c9792d elementor-position-top elementor-widget elementor-widget-image-box\" data-id=\"3c9792d\" data-element_type=\"widget\" data-e-type=\"widget\" data-widget_type=\"image-box.default\">\n\t\t\t\t<div class=\"elementor-widget-container\">\n\t\t\t\t\t<div class=\"elementor-image-box-wrapper\"><figure class=\"elementor-image-box-img\"><img loading=\"lazy\" decoding=\"async\" width=\"200\" height=\"119\" src=\"https:\/\/dilatoflex.com\/wp-content\/uploads\/2021\/02\/1.jpg\" class=\"attachment-full size-full wp-image-127\" alt=\"\" \/><\/figure><div class=\"elementor-image-box-content\"><h3 class=\"elementor-image-box-title\">Messungen und \u00dcberpr\u00fcfungen<\/h3><p class=\"elementor-image-box-description\">Auf Anfrage erhalten Sie ein Druckmessprotokoll Ihres DILATOFLEX\u00ae. Basierend auf Kundenspezifikationen kann ein detaillierter Pr\u00fcfbericht erstellt werden (Druckpr\u00fcfungen, Steifigkeitsmessungen usw.).<\/p><\/div><\/div>\t\t\t\t<\/div>\n\t\t\t\t<\/div>\n\t\t\t\t\t<\/div>\n\t\t<\/div>\n\t\t\t\t<div class=\"elementor-column elementor-col-25 elementor-inner-column elementor-element elementor-element-b818140\" data-id=\"b818140\" data-element_type=\"column\" data-e-type=\"column\">\n\t\t\t<div class=\"elementor-widget-wrap elementor-element-populated\">\n\t\t\t\t\t\t<div class=\"elementor-element elementor-element-fa19826 elementor-position-top elementor-widget elementor-widget-image-box\" data-id=\"fa19826\" data-element_type=\"widget\" data-e-type=\"widget\" data-widget_type=\"image-box.default\">\n\t\t\t\t<div class=\"elementor-widget-container\">\n\t\t\t\t\t<div class=\"elementor-image-box-wrapper\"><figure class=\"elementor-image-box-img\"><img loading=\"lazy\" decoding=\"async\" width=\"200\" height=\"120\" src=\"https:\/\/dilatoflex.com\/wp-content\/uploads\/2021\/02\/Reception-des-pieces-a-lusine.png\" class=\"attachment-full size-full wp-image-158\" alt=\"\" \/><\/figure><div class=\"elementor-image-box-content\"><h3 class=\"elementor-image-box-title\">Teilebeleg in unserem Werk<\/h3><p class=\"elementor-image-box-description\">Erkundigen Sie sich pers\u00f6nlich \u00fcber den Projektfortschritt. Besuchen Sie unser Werk und die Produktion Ihrer Kompensatoren. Sie k\u00f6nnen auch die technische Abnahme live verfolgen und die Versandvorbereitung begutachten.<\/p><\/div><\/div>\t\t\t\t<\/div>\n\t\t\t\t<\/div>\n\t\t\t\t\t<\/div>\n\t\t<\/div>\n\t\t\t\t<div class=\"elementor-column elementor-col-25 elementor-inner-column elementor-element elementor-element-a2ab214\" data-id=\"a2ab214\" data-element_type=\"column\" data-e-type=\"column\">\n\t\t\t<div class=\"elementor-widget-wrap\">\n\t\t\t\t\t\t\t<\/div>\n\t\t<\/div>\n\t\t\t\t\t<\/div>\n\t\t<\/section>\n\t\t\t\t<div class=\"elementor-element elementor-element-669b667 elementor-widget-divider--view-line elementor-widget elementor-widget-divider\" data-id=\"669b667\" data-element_type=\"widget\" data-e-type=\"widget\" data-widget_type=\"divider.default\">\n\t\t\t\t<div class=\"elementor-widget-container\">\n\t\t\t\t\t\t\t<div class=\"elementor-divider\">\n\t\t\t<span class=\"elementor-divider-separator\">\n\t\t\t\t\t\t<\/span>\n\t\t<\/div>\n\t\t\t\t\t\t<\/div>\n\t\t\t\t<\/div>\n\t\t\t\t\t<\/div>\n\t\t<\/div>\n\t\t\t\t\t<\/div>\n\t\t<\/section>\n\t\t\t\t<section class=\"elementor-section elementor-top-section elementor-element elementor-element-1efbcbf elementor-section-boxed elementor-section-height-default elementor-section-height-default\" data-id=\"1efbcbf\" data-element_type=\"section\" data-e-type=\"section\">\n\t\t\t\t\t\t<div class=\"elementor-container elementor-column-gap-default\">\n\t\t\t\t\t<div class=\"elementor-column elementor-col-100 elementor-top-column elementor-element elementor-element-c97c2b6\" data-id=\"c97c2b6\" data-element_type=\"column\" data-e-type=\"column\">\n\t\t\t<div class=\"elementor-widget-wrap elementor-element-populated\">\n\t\t\t\t\t\t<div class=\"elementor-element elementor-element-b216209 elementor-widget elementor-widget-spacer\" data-id=\"b216209\" data-element_type=\"widget\" data-e-type=\"widget\" data-widget_type=\"spacer.default\">\n\t\t\t\t<div class=\"elementor-widget-container\">\n\t\t\t\t\t\t\t<div class=\"elementor-spacer\">\n\t\t\t<div class=\"elementor-spacer-inner\"><\/div>\n\t\t<\/div>\n\t\t\t\t\t\t<\/div>\n\t\t\t\t<\/div>\n\t\t\t\t\t<\/div>\n\t\t<\/div>\n\t\t\t\t\t<\/div>\n\t\t<\/section>\n\t\t\t\t<\/div>","protected":false},"excerpt":{"rendered":"<p>The DILATOFLEX\u00ae teams are at your service. Our engineers and technicians design each product and service according to your needs and constraints in order to offer you customised solutions. Whatever your request, a qualified expert will accompany you, so contact us! Expertise on-site or in our plant Our technician can operate on-site and check\u00a0your components&#8217; [&hellip;]<\/p>\n","protected":false},"author":3,"featured_media":0,"parent":0,"menu_order":0,"comment_status":"closed","ping_status":"closed","template":"elementor_header_footer","meta":{"ocean_post_layout":"","ocean_both_sidebars_style":"","ocean_both_sidebars_content_width":0,"ocean_both_sidebars_sidebars_width":0,"ocean_sidebar":"0","ocean_second_sidebar":"0","ocean_disable_margins":"enable","ocean_add_body_class":"","ocean_shortcode_before_top_bar":"","ocean_shortcode_after_top_bar":"","ocean_shortcode_before_header":"","ocean_shortcode_after_header":"","ocean_has_shortcode":"","ocean_shortcode_after_title":"","ocean_shortcode_before_footer_widgets":"","ocean_shortcode_after_footer_widgets":"","ocean_shortcode_before_footer_bottom":"","ocean_shortcode_after_footer_bottom":"","ocean_display_top_bar":"default","ocean_display_header":"default","ocean_header_style":"","ocean_center_header_left_menu":"0","ocean_custom_header_template":"0","ocean_custom_logo":0,"ocean_custom_retina_logo":0,"ocean_custom_logo_max_width":0,"ocean_custom_logo_tablet_max_width":0,"ocean_custom_logo_mobile_max_width":0,"ocean_custom_logo_max_height":0,"ocean_custom_logo_tablet_max_height":0,"ocean_custom_logo_mobile_max_height":0,"ocean_header_custom_menu":"0","ocean_menu_typo_font_family":"0","ocean_menu_typo_font_subset":"","ocean_menu_typo_font_size":0,"ocean_menu_typo_font_size_tablet":0,"ocean_menu_typo_font_size_mobile":0,"ocean_menu_typo_font_size_unit":"px","ocean_menu_typo_font_weight":"","ocean_menu_typo_font_weight_tablet":"","ocean_menu_typo_font_weight_mobile":"","ocean_menu_typo_transform":"","ocean_menu_typo_transform_tablet":"","ocean_menu_typo_transform_mobile":"","ocean_menu_typo_line_height":0,"ocean_menu_typo_line_height_tablet":0,"ocean_menu_typo_line_height_mobile":0,"ocean_menu_typo_line_height_unit":"","ocean_menu_typo_spacing":0,"ocean_menu_typo_spacing_tablet":0,"ocean_menu_typo_spacing_mobile":0,"ocean_menu_typo_spacing_unit":"","ocean_menu_link_color":"","ocean_menu_link_color_hover":"","ocean_menu_link_color_active":"","ocean_menu_link_background":"","ocean_menu_link_hover_background":"","ocean_menu_link_active_background":"","ocean_menu_social_links_bg":"","ocean_menu_social_hover_links_bg":"","ocean_menu_social_links_color":"","ocean_menu_social_hover_links_color":"","ocean_disable_title":"on","ocean_disable_heading":"default","ocean_post_title":"","ocean_post_subheading":"","ocean_post_title_style":"","ocean_post_title_background_color":"","ocean_post_title_background":0,"ocean_post_title_bg_image_position":"","ocean_post_title_bg_image_attachment":"","ocean_post_title_bg_image_repeat":"","ocean_post_title_bg_image_size":"","ocean_post_title_height":0,"ocean_post_title_bg_overlay":0.5,"ocean_post_title_bg_overlay_color":"","ocean_disable_breadcrumbs":"default","ocean_breadcrumbs_color":"","ocean_breadcrumbs_separator_color":"","ocean_breadcrumbs_links_color":"","ocean_breadcrumbs_links_hover_color":"","ocean_display_footer_widgets":"default","ocean_display_footer_bottom":"default","ocean_custom_footer_template":"0","footnotes":""},"class_list":["post-96","page","type-page","status-publish","hentry","entry"],"yoast_head":"<!-- This site is optimized with the Yoast SEO plugin v27.3 - https:\/\/yoast.com\/product\/yoast-seo-wordpress\/ -->\n<title>Services - DILATOFLEX<\/title>\n<meta name=\"robots\" content=\"index, follow, max-snippet:-1, max-image-preview:large, max-video-preview:-1\" \/>\n<link rel=\"canonical\" href=\"https:\/\/dilatoflex.com\/de\/services\/\" \/>\n<meta property=\"og:locale\" content=\"de_DE\" \/>\n<meta property=\"og:type\" content=\"article\" \/>\n<meta property=\"og:title\" content=\"Services - DILATOFLEX\" \/>\n<meta property=\"og:description\" content=\"The DILATOFLEX\u00ae teams are at your service. Our engineers and technicians design each product and service according to your needs and constraints in order to offer you customised solutions. Whatever your request, a qualified expert will accompany you, so contact us! Expertise on-site or in our plant Our technician can operate on-site and check\u00a0your components&#8217; [&hellip;]\" \/>\n<meta property=\"og:url\" content=\"https:\/\/dilatoflex.com\/de\/services\/\" \/>\n<meta property=\"og:site_name\" content=\"DILATOFLEX\" \/>\n<meta property=\"article:modified_time\" content=\"2025-10-21T06:28:35+00:00\" \/>\n<meta property=\"og:image\" content=\"https:\/\/dilatoflex.com\/wp-content\/uploads\/2021\/02\/11.jpg\" \/>\n\t<meta property=\"og:image:width\" content=\"200\" \/>\n\t<meta property=\"og:image:height\" content=\"120\" \/>\n\t<meta property=\"og:image:type\" content=\"image\/jpeg\" \/>\n<meta name=\"twitter:card\" content=\"summary_large_image\" \/>\n<meta name=\"twitter:label1\" content=\"Gesch\u00e4tzte Lesezeit\" \/>\n\t<meta name=\"twitter:data1\" content=\"3\u00a0Minuten\" \/>\n<script type=\"application\/ld+json\" class=\"yoast-schema-graph\">{\"@context\":\"https:\\\/\\\/schema.org\",\"@graph\":[{\"@type\":\"WebPage\",\"@id\":\"https:\\\/\\\/dilatoflex.com\\\/services\\\/\",\"url\":\"https:\\\/\\\/dilatoflex.com\\\/services\\\/\",\"name\":\"Services - DILATOFLEX\",\"isPartOf\":{\"@id\":\"https:\\\/\\\/dilatoflex.com\\\/#website\"},\"primaryImageOfPage\":{\"@id\":\"https:\\\/\\\/dilatoflex.com\\\/services\\\/#primaryimage\"},\"image\":{\"@id\":\"https:\\\/\\\/dilatoflex.com\\\/services\\\/#primaryimage\"},\"thumbnailUrl\":\"https:\\\/\\\/dilatoflex.com\\\/wp-content\\\/uploads\\\/2021\\\/02\\\/11.jpg\",\"datePublished\":\"2021-02-18T15:18:41+00:00\",\"dateModified\":\"2025-10-21T06:28:35+00:00\",\"breadcrumb\":{\"@id\":\"https:\\\/\\\/dilatoflex.com\\\/services\\\/#breadcrumb\"},\"inLanguage\":\"de\",\"potentialAction\":[{\"@type\":\"ReadAction\",\"target\":[\"https:\\\/\\\/dilatoflex.com\\\/services\\\/\"]}]},{\"@type\":\"ImageObject\",\"inLanguage\":\"de\",\"@id\":\"https:\\\/\\\/dilatoflex.com\\\/services\\\/#primaryimage\",\"url\":\"https:\\\/\\\/dilatoflex.com\\\/wp-content\\\/uploads\\\/2021\\\/02\\\/11.jpg\",\"contentUrl\":\"https:\\\/\\\/dilatoflex.com\\\/wp-content\\\/uploads\\\/2021\\\/02\\\/11.jpg\"},{\"@type\":\"BreadcrumbList\",\"@id\":\"https:\\\/\\\/dilatoflex.com\\\/services\\\/#breadcrumb\",\"itemListElement\":[{\"@type\":\"ListItem\",\"position\":1,\"name\":\"Home\",\"item\":\"https:\\\/\\\/dilatoflex.com\\\/\"},{\"@type\":\"ListItem\",\"position\":2,\"name\":\"Services\"}]},{\"@type\":\"WebSite\",\"@id\":\"https:\\\/\\\/dilatoflex.com\\\/#website\",\"url\":\"https:\\\/\\\/dilatoflex.com\\\/\",\"name\":\"DILATOFLEX\",\"description\":\"by Anvis Industry\",\"potentialAction\":[{\"@type\":\"SearchAction\",\"target\":{\"@type\":\"EntryPoint\",\"urlTemplate\":\"https:\\\/\\\/dilatoflex.com\\\/?s={search_term_string}\"},\"query-input\":{\"@type\":\"PropertyValueSpecification\",\"valueRequired\":true,\"valueName\":\"search_term_string\"}}],\"inLanguage\":\"de\"}]}<\/script>\n<!-- \/ Yoast SEO plugin. -->","yoast_head_json":{"title":"Services - DILATOFLEX","robots":{"index":"index","follow":"follow","max-snippet":"max-snippet:-1","max-image-preview":"max-image-preview:large","max-video-preview":"max-video-preview:-1"},"canonical":"https:\/\/dilatoflex.com\/de\/services\/","og_locale":"de_DE","og_type":"article","og_title":"Services - DILATOFLEX","og_description":"The DILATOFLEX\u00ae teams are at your service. Our engineers and technicians design each product and service according to your needs and constraints in order to offer you customised solutions. Whatever your request, a qualified expert will accompany you, so contact us! Expertise on-site or in our plant Our technician can operate on-site and check\u00a0your components&#8217; [&hellip;]","og_url":"https:\/\/dilatoflex.com\/de\/services\/","og_site_name":"DILATOFLEX","article_modified_time":"2025-10-21T06:28:35+00:00","og_image":[{"width":200,"height":120,"url":"https:\/\/dilatoflex.com\/wp-content\/uploads\/2021\/02\/11.jpg","type":"image\/jpeg"}],"twitter_card":"summary_large_image","twitter_misc":{"Gesch\u00e4tzte Lesezeit":"3\u00a0Minuten"},"schema":{"@context":"https:\/\/schema.org","@graph":[{"@type":"WebPage","@id":"https:\/\/dilatoflex.com\/services\/","url":"https:\/\/dilatoflex.com\/services\/","name":"Services - DILATOFLEX","isPartOf":{"@id":"https:\/\/dilatoflex.com\/#website"},"primaryImageOfPage":{"@id":"https:\/\/dilatoflex.com\/services\/#primaryimage"},"image":{"@id":"https:\/\/dilatoflex.com\/services\/#primaryimage"},"thumbnailUrl":"https:\/\/dilatoflex.com\/wp-content\/uploads\/2021\/02\/11.jpg","datePublished":"2021-02-18T15:18:41+00:00","dateModified":"2025-10-21T06:28:35+00:00","breadcrumb":{"@id":"https:\/\/dilatoflex.com\/services\/#breadcrumb"},"inLanguage":"de","potentialAction":[{"@type":"ReadAction","target":["https:\/\/dilatoflex.com\/services\/"]}]},{"@type":"ImageObject","inLanguage":"de","@id":"https:\/\/dilatoflex.com\/services\/#primaryimage","url":"https:\/\/dilatoflex.com\/wp-content\/uploads\/2021\/02\/11.jpg","contentUrl":"https:\/\/dilatoflex.com\/wp-content\/uploads\/2021\/02\/11.jpg"},{"@type":"BreadcrumbList","@id":"https:\/\/dilatoflex.com\/services\/#breadcrumb","itemListElement":[{"@type":"ListItem","position":1,"name":"Home","item":"https:\/\/dilatoflex.com\/"},{"@type":"ListItem","position":2,"name":"Services"}]},{"@type":"WebSite","@id":"https:\/\/dilatoflex.com\/#website","url":"https:\/\/dilatoflex.com\/","name":"DILATOFLEX","description":"by Anvis Industry","potentialAction":[{"@type":"SearchAction","target":{"@type":"EntryPoint","urlTemplate":"https:\/\/dilatoflex.com\/?s={search_term_string}"},"query-input":{"@type":"PropertyValueSpecification","valueRequired":true,"valueName":"search_term_string"}}],"inLanguage":"de"}]}},"_links":{"self":[{"href":"https:\/\/dilatoflex.com\/de\/wp-json\/wp\/v2\/pages\/96","targetHints":{"allow":["GET"]}}],"collection":[{"href":"https:\/\/dilatoflex.com\/de\/wp-json\/wp\/v2\/pages"}],"about":[{"href":"https:\/\/dilatoflex.com\/de\/wp-json\/wp\/v2\/types\/page"}],"author":[{"embeddable":true,"href":"https:\/\/dilatoflex.com\/de\/wp-json\/wp\/v2\/users\/3"}],"replies":[{"embeddable":true,"href":"https:\/\/dilatoflex.com\/de\/wp-json\/wp\/v2\/comments?post=96"}],"version-history":[{"count":30,"href":"https:\/\/dilatoflex.com\/de\/wp-json\/wp\/v2\/pages\/96\/revisions"}],"predecessor-version":[{"id":1301,"href":"https:\/\/dilatoflex.com\/de\/wp-json\/wp\/v2\/pages\/96\/revisions\/1301"}],"wp:attachment":[{"href":"https:\/\/dilatoflex.com\/de\/wp-json\/wp\/v2\/media?parent=96"}],"curies":[{"name":"wp","href":"https:\/\/api.w.org\/{rel}","templated":true}]}}