{"id":21,"date":"2021-02-18T15:15:11","date_gmt":"2021-02-18T14:15:11","guid":{"rendered":"http:\/\/dilatoflex.anvisgroup.com\/?page_id=21"},"modified":"2025-10-23T08:43:47","modified_gmt":"2025-10-23T06:43:47","slug":"imprint","status":"publish","type":"page","link":"https:\/\/dilatoflex.com\/fr\/imprint\/","title":{"rendered":"Mentions l\u00e9gales"},"content":{"rendered":"<div data-elementor-type=\"wp-page\" data-elementor-id=\"21\" class=\"elementor elementor-21\">\n\t\t\t\t\t\t<section class=\"elementor-section elementor-top-section elementor-element elementor-element-06a2c0c elementor-section-boxed elementor-section-height-default elementor-section-height-default\" data-id=\"06a2c0c\" data-element_type=\"section\" data-e-type=\"section\" data-settings=\"{&quot;background_background&quot;:&quot;classic&quot;}\">\n\t\t\t\t\t\t\t<div class=\"elementor-background-overlay\"><\/div>\n\t\t\t\t\t\t\t<div class=\"elementor-container elementor-column-gap-default\">\n\t\t\t\t\t<div class=\"elementor-column elementor-col-100 elementor-top-column elementor-element elementor-element-16e61bb\" data-id=\"16e61bb\" data-element_type=\"column\" data-e-type=\"column\">\n\t\t\t<div class=\"elementor-widget-wrap elementor-element-populated\">\n\t\t\t\t\t\t\t<\/div>\n\t\t<\/div>\n\t\t\t\t\t<\/div>\n\t\t<\/section>\n\t\t\t\t<section class=\"elementor-section elementor-top-section elementor-element elementor-element-4eb82e09 elementor-section-boxed elementor-section-height-default elementor-section-height-default\" data-id=\"4eb82e09\" data-element_type=\"section\" data-e-type=\"section\">\n\t\t\t\t\t\t<div class=\"elementor-container elementor-column-gap-default\">\n\t\t\t\t\t<div class=\"elementor-column elementor-col-100 elementor-top-column elementor-element elementor-element-37455a1f\" data-id=\"37455a1f\" data-element_type=\"column\" data-e-type=\"column\">\n\t\t\t<div class=\"elementor-widget-wrap elementor-element-populated\">\n\t\t\t\t\t\t<div class=\"elementor-element elementor-element-d01d22e elementor-widget elementor-widget-spacer\" data-id=\"d01d22e\" data-element_type=\"widget\" data-e-type=\"widget\" data-widget_type=\"spacer.default\">\n\t\t\t\t<div class=\"elementor-widget-container\">\n\t\t\t\t\t\t\t<div class=\"elementor-spacer\">\n\t\t\t<div class=\"elementor-spacer-inner\"><\/div>\n\t\t<\/div>\n\t\t\t\t\t\t<\/div>\n\t\t\t\t<\/div>\n\t\t\t\t<div class=\"elementor-element elementor-element-3b72c4d6 elementor-widget elementor-widget-text-editor\" data-id=\"3b72c4d6\" data-element_type=\"widget\" data-e-type=\"widget\" data-no-translation=\"\" data-widget_type=\"text-editor.default\">\n\t\t\t\t<div class=\"elementor-widget-container\">\n\t\t\t\t\t<style>.elementor-element-3b72c4d6{display:none !important}<\/style>\t\t\t\t<\/div>\n\t\t\t\t<\/div>\n\t\t\t\t<div class=\"elementor-element elementor-element-82872e1 elementor-widget elementor-widget-text-editor\" data-id=\"82872e1\" data-element_type=\"widget\" data-e-type=\"widget\" data-no-translation=\"\" data-widget_type=\"text-editor.default\">\n\t\t\t\t<div class=\"elementor-widget-container\">\n\t\t\t\t\t<style>.elementor-element-82872e1{display:none !important}<\/style>\t\t\t\t<\/div>\n\t\t\t\t<\/div>\n\t\t\t\t<div class=\"elementor-element elementor-element-bd3a589 elementor-widget elementor-widget-text-editor\" data-id=\"bd3a589\" data-element_type=\"widget\" data-e-type=\"widget\" data-no-translation=\"\" data-widget_type=\"text-editor.default\">\n\t\t\t\t<div class=\"elementor-widget-container\">\n\t\t\t\t\t\t\t\t\t\n<p>Obligation d&#8217;information selon \u00a7 5 TMG.<\/p>\n<p>ANVIS HOLDING S.A.S<br \/>19 Route d\u2019Archettes<br \/>F-88000 Epinal<br \/>France<\/p>\n<p><strong>Inscrivez -vous:<\/strong>\u00a0Commercial<br \/><strong>Num\u00e9ro de registre Registre:<\/strong>\u00a0883 481 178 R.C.S.<br \/><strong>Inscription tribunal:<\/strong>\u00a0<strong>court\u00a0:<\/strong>\u00a0Epinal<\/p>\n<p><strong>Tel.:<\/strong>\u00a0+33 3 29 64 33 33<br \/><strong>Email:\u00a0<\/strong><a href=\"mailto:info@anvisgroup.com\">info@anvisgroup.com<\/a><\/p>\n<p><strong>Directrice g\u00e9n\u00e9rale<\/strong><br \/>Silvia Maier<\/p>\n<p>Source: Cr\u00e9\u00e9 avec le\u00a0<a href=\"https:\/\/www.adsimple.de\/impressum-generator\/\" target=\"_blank\" rel=\"noreferrer noopener\">g\u00e9n\u00e9rateur d&#8217;empreintes<\/a>\u00a0d&#8217;AdSimple en coop\u00e9ration avec\u00a0<a href=\"https:\/\/www.hashtagmann.de\/\" target=\"_blank\" rel=\"noreferrer noopener\">hashtagmann.de<\/a><\/p>\n<h2 class=\"wp-block-heading\">R\u00e8glement des diff\u00e9rends de l&#8217;UE<\/h2>\n<p>Conform\u00e9ment au r\u00e8glement sur la r\u00e9solution des litiges en ligne dans le domaine de la consommation (r\u00e8glement ODR), nous souhaitons vous informer sur la plateforme de r\u00e9solution des litiges en ligne (plateforme OS).<br \/>Les consommateurs ont la possibilit\u00e9 de d\u00e9poser des plaintes aupr\u00e8s de la plateforme de r\u00e8glement des litiges en ligne de la Commission europ\u00e9enne \u00e0 l&#8217;\u00a0<a href=\"https:\/\/ec.europa.eu\/consumers\/odr\/main\/index.cfm?event=main.home2.show&amp;lng=DE\" target=\"_blank\" rel=\"noreferrer noopener\">(plateforme)<\/a>\u00a0\u00a0<a href=\"https:\/\/ec.europa.eu\/consumers\/odr\/main\/index.cfm?event=main.home2.show&amp;lng=DE\" target=\"_blank\" rel=\"noreferrer noopener\">adresse http:\/\/ec.europa.eu\/odr?tid=321220202<\/a>\u00a0. Vous pouvez trouver les coordonn\u00e9es n\u00e9cessaires ci-dessus dans nos mentions l\u00e9gales.<\/p>\n<p>Cependant, nous tenons \u00e0 souligner que nous ne sommes pas dispos\u00e9s ou oblig\u00e9s de participer \u00e0 une proc\u00e9dure de r\u00e8glement des diff\u00e9rends devant un conseil d&#8217;arbitrage des consommateurs.<\/p>\n<h2>Responsabilit\u00e9 pour le contenu de ce site Web<\/h2>\n<p>Nous d\u00e9veloppons constamment le contenu de ce site Web et nous nous effor\u00e7ons de fournir des informations correctes et actuelles. Conform\u00e9ment \u00e0 l&#8217; article 7 (1) de la loi sur les t\u00e9l\u00e9m\u00e9dias\u00a0<a href=\"https:\/\/www.gesetze-im-internet.de\/tmg\/__7.html?tid=321220202\" target=\"_blank\" rel=\"noreferrer noopener\">(TMG)<\/a>\u00a0, en tant que fournisseur de services, nous sommes responsables de nos propres informations que nous fournissons pour une utilisation conform\u00e9ment aux lois g\u00e9n\u00e9rales. Malheureusement, nous ne pouvons pas accepter la responsabilit\u00e9 de l&#8217;exactitude de tout le contenu de ce site Web, en particulier pour ceux fournis par des tiers. En tant que prestataire de services au sens des \u00a7\u00a7 8 \u00e0 10, nous ne sommes pas tenus de surveiller les informations transmises ou stock\u00e9es par vous ou d&#8217;enqu\u00eater sur les circonstances qui indiquent une activit\u00e9 ill\u00e9gale.<\/p>\n<p>Nos obligations de supprimer des informations ou de bloquer l&#8217;utilisation des informations selon les lois g\u00e9n\u00e9rales en raison d&#8217;ordonnances judiciaires ou officielles restent inchang\u00e9es m\u00eame en cas de non-responsabilit\u00e9 selon les \u00a7\u00a7 8 \u00e0 10.<\/p>\n<p>Si vous remarquez un contenu probl\u00e9matique ou ill\u00e9gal, veuillez nous contacter imm\u00e9diatement afin que nous puissions supprimer le contenu ill\u00e9gal. Vous trouverez les coordonn\u00e9es dans l&#8217;empreinte.<\/p>\n<h2>Responsabilit\u00e9 pour les liens sur ce site Web<\/h2>\n<p>Notre site Web contient des liens vers d&#8217;autres sites Web dont nous ne sommes pas responsables du contenu. Nous ne sommes pas responsables des sites Web li\u00e9s, car nous n&#8217;avions aucune connaissance d&#8217;activit\u00e9s ill\u00e9gales, nous n&#8217;avons pas remarqu\u00e9 de telles activit\u00e9s ill\u00e9gales et nous supprimerions les liens imm\u00e9diatement si nous prenions connaissance d&#8217;activit\u00e9s ill\u00e9gales.<\/p>\n<p>Si vous remarquez des liens ill\u00e9gaux sur notre site Web, veuillez nous contacter. Vous trouverez les coordonn\u00e9es dans l&#8217;empreinte.<\/p>\n<h2>Copyright<\/h2>\n<p>Tous les contenus de ce site Web (images, photos, textes, vid\u00e9os) sont soumis au droit d&#8217;auteur de la R\u00e9publique f\u00e9d\u00e9rale d&#8217;Allemagne. Veuillez nous demander avant de distribuer, reproduire ou utiliser le contenu de ce site Web, par exemple en le republiant sur d&#8217;autres sites Web. Si n\u00e9cessaire, nous poursuivrons l\u00e9galement l&#8217;utilisation non autoris\u00e9e de parties du contenu de notre site.<\/p>\n<p>Si vous trouvez un contenu sur ce site Web qui enfreint la loi sur les droits d&#8217;auteur, veuillez nous contacter.<\/p>\n<h2>Webdesign &amp; D\u00e9veloppement par<\/h2>\n<p>P-CATION Consulting &amp; Solutions GmbH<\/p>\n\t\t\t\t\t\t\t\t<\/div>\n\t\t\t\t<\/div>\n\t\t\t\t\t<\/div>\n\t\t<\/div>\n\t\t\t\t\t<\/div>\n\t\t<\/section>\n\t\t\t\t<section class=\"elementor-section elementor-top-section elementor-element elementor-element-22e1c49 elementor-section-boxed elementor-section-height-default elementor-section-height-default\" data-id=\"22e1c49\" data-element_type=\"section\" data-e-type=\"section\">\n\t\t\t\t\t\t<div class=\"elementor-container elementor-column-gap-default\">\n\t\t\t\t\t<div class=\"elementor-column elementor-col-50 elementor-top-column elementor-element elementor-element-a0c09d3\" data-id=\"a0c09d3\" data-element_type=\"column\" data-e-type=\"column\">\n\t\t\t<div class=\"elementor-widget-wrap elementor-element-populated\">\n\t\t\t\t\t\t<div class=\"elementor-element elementor-element-728181f elementor-widget elementor-widget-text-editor\" data-id=\"728181f\" data-element_type=\"widget\" data-e-type=\"widget\" data-widget_type=\"text-editor.default\">\n\t\t\t\t<div class=\"elementor-widget-container\">\n\t\t\t\t\t\t\t\t\t<p><a href=\"http:\/\/www.p-cation.de\"><img decoding=\"async\" class=\"wp-image-912\" src=\"https:\/\/relaunch.anvisgroup.com\/wp-content\/uploads\/2021\/01\/Logo-P-CATION-R-Slogan-EN-e1611230573376.jpg\" sizes=\"(max-width: 341px) 100vw, 341px\" srcset=\"https:\/\/anvisgroup.com\/wp-content\/uploads\/2021\/01\/Logo-P-CATION-R-Slogan-EN-e1611230573376.jpg 341w, https:\/\/anvisgroup.com\/wp-content\/uploads\/2021\/01\/Logo-P-CATION-R-Slogan-EN-e1611230573376-300x100.jpg 300w\" alt=\"\" width=\"200\" \/><\/a><\/p>\t\t\t\t\t\t\t\t<\/div>\n\t\t\t\t<\/div>\n\t\t\t\t\t<\/div>\n\t\t<\/div>\n\t\t\t\t<div class=\"elementor-column elementor-col-50 elementor-top-column elementor-element elementor-element-c6aa887\" data-id=\"c6aa887\" data-element_type=\"column\" data-e-type=\"column\">\n\t\t\t<div class=\"elementor-widget-wrap elementor-element-populated\">\n\t\t\t\t\t\t<div class=\"elementor-element elementor-element-6d5bf00 elementor-widget elementor-widget-text-editor\" data-id=\"6d5bf00\" data-element_type=\"widget\" data-e-type=\"widget\" data-widget_type=\"text-editor.default\">\n\t\t\t\t<div class=\"elementor-widget-container\">\n\t\t\t\t\t\t\t\t\t<p>E-Mail: hello@p-cation.de<br \/>Web: <a href=\"https:\/\/p-cation.de\/\" target=\"_blank\" rel=\"noreferrer noopener\">p-cation.de<\/a><\/p>\t\t\t\t\t\t\t\t<\/div>\n\t\t\t\t<\/div>\n\t\t\t\t\t<\/div>\n\t\t<\/div>\n\t\t\t\t\t<\/div>\n\t\t<\/section>\n\t\t\t\t<section class=\"elementor-section elementor-top-section elementor-element elementor-element-eccc637 elementor-section-boxed elementor-section-height-default elementor-section-height-default\" data-id=\"eccc637\" data-element_type=\"section\" data-e-type=\"section\">\n\t\t\t\t\t\t<div class=\"elementor-container elementor-column-gap-default\">\n\t\t\t\t\t<div class=\"elementor-column elementor-col-100 elementor-top-column elementor-element elementor-element-a70302c\" data-id=\"a70302c\" data-element_type=\"column\" data-e-type=\"column\">\n\t\t\t<div class=\"elementor-widget-wrap elementor-element-populated\">\n\t\t\t\t\t\t<div class=\"elementor-element elementor-element-95da355 elementor-widget elementor-widget-spacer\" data-id=\"95da355\" data-element_type=\"widget\" data-e-type=\"widget\" data-widget_type=\"spacer.default\">\n\t\t\t\t<div class=\"elementor-widget-container\">\n\t\t\t\t\t\t\t<div class=\"elementor-spacer\">\n\t\t\t<div class=\"elementor-spacer-inner\"><\/div>\n\t\t<\/div>\n\t\t\t\t\t\t<\/div>\n\t\t\t\t<\/div>\n\t\t\t\t\t<\/div>\n\t\t<\/div>\n\t\t\t\t\t<\/div>\n\t\t<\/section>\n\t\t\t\t<\/div>","protected":false},"excerpt":{"rendered":"<p>Information obligation according to \u00a7 5 TMG. ANVIS HOLDING S.A.S19 Route d\u2019ArchettesF-88000 EpinalFrance Register:\u00a0Commercialregister Register number:\u00a0883 481 178 R.C.S.Register\u00a0court\u00a0:\u00a0Epinal Tel.:\u00a0+33 3 29 64 33 33Email:\u00a0info@anvisgroup.com Managing DirectorSilvia Maier Source: Created with the\u00a0imprint generator\u00a0from AdSimple in cooperation with\u00a0hashtagmann.de EU dispute settlement In accordance with the regulation on online dispute resolution in consumer affairs (ODR regulation), we [&hellip;]<\/p>\n","protected":false},"author":3,"featured_media":0,"parent":0,"menu_order":0,"comment_status":"closed","ping_status":"closed","template":"elementor_header_footer","meta":{"ocean_post_layout":"full-width","ocean_both_sidebars_style":"","ocean_both_sidebars_content_width":0,"ocean_both_sidebars_sidebars_width":0,"ocean_sidebar":"0","ocean_second_sidebar":"0","ocean_disable_margins":"enable","ocean_add_body_class":"","ocean_shortcode_before_top_bar":"","ocean_shortcode_after_top_bar":"","ocean_shortcode_before_header":"","ocean_shortcode_after_header":"","ocean_has_shortcode":"","ocean_shortcode_after_title":"","ocean_shortcode_before_footer_widgets":"","ocean_shortcode_after_footer_widgets":"","ocean_shortcode_before_footer_bottom":"","ocean_shortcode_after_footer_bottom":"","ocean_display_top_bar":"default","ocean_display_header":"default","ocean_header_style":"","ocean_center_header_left_menu":"0","ocean_custom_header_template":"0","ocean_custom_logo":0,"ocean_custom_retina_logo":0,"ocean_custom_logo_max_width":0,"ocean_custom_logo_tablet_max_width":0,"ocean_custom_logo_mobile_max_width":0,"ocean_custom_logo_max_height":0,"ocean_custom_logo_tablet_max_height":0,"ocean_custom_logo_mobile_max_height":0,"ocean_header_custom_menu":"0","ocean_menu_typo_font_family":"0","ocean_menu_typo_font_subset":"","ocean_menu_typo_font_size":0,"ocean_menu_typo_font_size_tablet":0,"ocean_menu_typo_font_size_mobile":0,"ocean_menu_typo_font_size_unit":"px","ocean_menu_typo_font_weight":"","ocean_menu_typo_font_weight_tablet":"","ocean_menu_typo_font_weight_mobile":"","ocean_menu_typo_transform":"","ocean_menu_typo_transform_tablet":"","ocean_menu_typo_transform_mobile":"","ocean_menu_typo_line_height":0,"ocean_menu_typo_line_height_tablet":0,"ocean_menu_typo_line_height_mobile":0,"ocean_menu_typo_line_height_unit":"","ocean_menu_typo_spacing":0,"ocean_menu_typo_spacing_tablet":0,"ocean_menu_typo_spacing_mobile":0,"ocean_menu_typo_spacing_unit":"","ocean_menu_link_color":"","ocean_menu_link_color_hover":"","ocean_menu_link_color_active":"","ocean_menu_link_background":"","ocean_menu_link_hover_background":"","ocean_menu_link_active_background":"","ocean_menu_social_links_bg":"","ocean_menu_social_hover_links_bg":"","ocean_menu_social_links_color":"","ocean_menu_social_hover_links_color":"","ocean_disable_title":"on","ocean_disable_heading":"default","ocean_post_title":"","ocean_post_subheading":"","ocean_post_title_style":"","ocean_post_title_background_color":"","ocean_post_title_background":0,"ocean_post_title_bg_image_position":"","ocean_post_title_bg_image_attachment":"","ocean_post_title_bg_image_repeat":"","ocean_post_title_bg_image_size":"","ocean_post_title_height":0,"ocean_post_title_bg_overlay":0.5,"ocean_post_title_bg_overlay_color":"","ocean_disable_breadcrumbs":"default","ocean_breadcrumbs_color":"","ocean_breadcrumbs_separator_color":"","ocean_breadcrumbs_links_color":"","ocean_breadcrumbs_links_hover_color":"","ocean_display_footer_widgets":"default","ocean_display_footer_bottom":"default","ocean_custom_footer_template":"0","footnotes":""},"class_list":["post-21","page","type-page","status-publish","hentry","entry"],"yoast_head":"<!-- This site is optimized with the Yoast SEO plugin v27.4 - https:\/\/yoast.com\/product\/yoast-seo-wordpress\/ -->\n<title>Legal Notices - DILATOFLEX<\/title>\n<meta name=\"robots\" content=\"index, follow, max-snippet:-1, max-image-preview:large, max-video-preview:-1\" \/>\n<link rel=\"canonical\" href=\"https:\/\/dilatoflex.com\/fr\/imprint\/\" \/>\n<meta property=\"og:locale\" content=\"fr_FR\" \/>\n<meta property=\"og:type\" content=\"article\" \/>\n<meta property=\"og:title\" content=\"Legal Notices - DILATOFLEX\" \/>\n<meta property=\"og:description\" content=\"Information obligation according to \u00a7 5 TMG. ANVIS HOLDING S.A.S19 Route d\u2019ArchettesF-88000 EpinalFrance Register:\u00a0Commercialregister Register number:\u00a0883 481 178 R.C.S.Register\u00a0court\u00a0:\u00a0Epinal Tel.:\u00a0+33 3 29 64 33 33Email:\u00a0info@anvisgroup.com Managing DirectorSilvia Maier Source: Created with the\u00a0imprint generator\u00a0from AdSimple in cooperation with\u00a0hashtagmann.de EU dispute settlement In accordance with the regulation on online dispute resolution in consumer affairs (ODR regulation), we [&hellip;]\" \/>\n<meta property=\"og:url\" content=\"https:\/\/dilatoflex.com\/fr\/imprint\/\" \/>\n<meta property=\"og:site_name\" content=\"DILATOFLEX\" \/>\n<meta property=\"article:modified_time\" content=\"2025-10-23T06:43:47+00:00\" \/>\n<meta name=\"twitter:card\" content=\"summary_large_image\" \/>\n<meta name=\"twitter:label1\" content=\"Dur\u00e9e de lecture estim\u00e9e\" \/>\n\t<meta name=\"twitter:data1\" content=\"7 minutes\" \/>\n<script type=\"application\/ld+json\" class=\"yoast-schema-graph\">{\"@context\":\"https:\\\/\\\/schema.org\",\"@graph\":[{\"@type\":\"WebPage\",\"@id\":\"https:\\\/\\\/dilatoflex.com\\\/imprint\\\/\",\"url\":\"https:\\\/\\\/dilatoflex.com\\\/imprint\\\/\",\"name\":\"Legal Notices - DILATOFLEX\",\"isPartOf\":{\"@id\":\"https:\\\/\\\/dilatoflex.com\\\/#website\"},\"primaryImageOfPage\":{\"@id\":\"https:\\\/\\\/dilatoflex.com\\\/imprint\\\/#primaryimage\"},\"image\":{\"@id\":\"https:\\\/\\\/dilatoflex.com\\\/imprint\\\/#primaryimage\"},\"thumbnailUrl\":\"https:\\\/\\\/relaunch.anvisgroup.com\\\/wp-content\\\/uploads\\\/2021\\\/01\\\/Logo-P-CATION-R-Slogan-EN-e1611230573376.jpg\",\"datePublished\":\"2021-02-18T14:15:11+00:00\",\"dateModified\":\"2025-10-23T06:43:47+00:00\",\"breadcrumb\":{\"@id\":\"https:\\\/\\\/dilatoflex.com\\\/imprint\\\/#breadcrumb\"},\"inLanguage\":\"fr-FR\",\"potentialAction\":[{\"@type\":\"ReadAction\",\"target\":[\"https:\\\/\\\/dilatoflex.com\\\/imprint\\\/\"]}]},{\"@type\":\"ImageObject\",\"inLanguage\":\"fr-FR\",\"@id\":\"https:\\\/\\\/dilatoflex.com\\\/imprint\\\/#primaryimage\",\"url\":\"https:\\\/\\\/relaunch.anvisgroup.com\\\/wp-content\\\/uploads\\\/2021\\\/01\\\/Logo-P-CATION-R-Slogan-EN-e1611230573376.jpg\",\"contentUrl\":\"https:\\\/\\\/relaunch.anvisgroup.com\\\/wp-content\\\/uploads\\\/2021\\\/01\\\/Logo-P-CATION-R-Slogan-EN-e1611230573376.jpg\"},{\"@type\":\"BreadcrumbList\",\"@id\":\"https:\\\/\\\/dilatoflex.com\\\/imprint\\\/#breadcrumb\",\"itemListElement\":[{\"@type\":\"ListItem\",\"position\":1,\"name\":\"Home\",\"item\":\"https:\\\/\\\/dilatoflex.com\\\/\"},{\"@type\":\"ListItem\",\"position\":2,\"name\":\"Legal Notices\"}]},{\"@type\":\"WebSite\",\"@id\":\"https:\\\/\\\/dilatoflex.com\\\/#website\",\"url\":\"https:\\\/\\\/dilatoflex.com\\\/\",\"name\":\"DILATOFLEX\",\"description\":\"by Anvis Industry\",\"potentialAction\":[{\"@type\":\"SearchAction\",\"target\":{\"@type\":\"EntryPoint\",\"urlTemplate\":\"https:\\\/\\\/dilatoflex.com\\\/?s={search_term_string}\"},\"query-input\":{\"@type\":\"PropertyValueSpecification\",\"valueRequired\":true,\"valueName\":\"search_term_string\"}}],\"inLanguage\":\"fr-FR\"}]}<\/script>\n<!-- \/ Yoast SEO plugin. -->","yoast_head_json":{"title":"Legal Notices - DILATOFLEX","robots":{"index":"index","follow":"follow","max-snippet":"max-snippet:-1","max-image-preview":"max-image-preview:large","max-video-preview":"max-video-preview:-1"},"canonical":"https:\/\/dilatoflex.com\/fr\/imprint\/","og_locale":"fr_FR","og_type":"article","og_title":"Legal Notices - DILATOFLEX","og_description":"Information obligation according to \u00a7 5 TMG. ANVIS HOLDING S.A.S19 Route d\u2019ArchettesF-88000 EpinalFrance Register:\u00a0Commercialregister Register number:\u00a0883 481 178 R.C.S.Register\u00a0court\u00a0:\u00a0Epinal Tel.:\u00a0+33 3 29 64 33 33Email:\u00a0info@anvisgroup.com Managing DirectorSilvia Maier Source: Created with the\u00a0imprint generator\u00a0from AdSimple in cooperation with\u00a0hashtagmann.de EU dispute settlement In accordance with the regulation on online dispute resolution in consumer affairs (ODR regulation), we [&hellip;]","og_url":"https:\/\/dilatoflex.com\/fr\/imprint\/","og_site_name":"DILATOFLEX","article_modified_time":"2025-10-23T06:43:47+00:00","twitter_card":"summary_large_image","twitter_misc":{"Dur\u00e9e de lecture estim\u00e9e":"7 minutes"},"schema":{"@context":"https:\/\/schema.org","@graph":[{"@type":"WebPage","@id":"https:\/\/dilatoflex.com\/imprint\/","url":"https:\/\/dilatoflex.com\/imprint\/","name":"Legal Notices - DILATOFLEX","isPartOf":{"@id":"https:\/\/dilatoflex.com\/#website"},"primaryImageOfPage":{"@id":"https:\/\/dilatoflex.com\/imprint\/#primaryimage"},"image":{"@id":"https:\/\/dilatoflex.com\/imprint\/#primaryimage"},"thumbnailUrl":"https:\/\/relaunch.anvisgroup.com\/wp-content\/uploads\/2021\/01\/Logo-P-CATION-R-Slogan-EN-e1611230573376.jpg","datePublished":"2021-02-18T14:15:11+00:00","dateModified":"2025-10-23T06:43:47+00:00","breadcrumb":{"@id":"https:\/\/dilatoflex.com\/imprint\/#breadcrumb"},"inLanguage":"fr-FR","potentialAction":[{"@type":"ReadAction","target":["https:\/\/dilatoflex.com\/imprint\/"]}]},{"@type":"ImageObject","inLanguage":"fr-FR","@id":"https:\/\/dilatoflex.com\/imprint\/#primaryimage","url":"https:\/\/relaunch.anvisgroup.com\/wp-content\/uploads\/2021\/01\/Logo-P-CATION-R-Slogan-EN-e1611230573376.jpg","contentUrl":"https:\/\/relaunch.anvisgroup.com\/wp-content\/uploads\/2021\/01\/Logo-P-CATION-R-Slogan-EN-e1611230573376.jpg"},{"@type":"BreadcrumbList","@id":"https:\/\/dilatoflex.com\/imprint\/#breadcrumb","itemListElement":[{"@type":"ListItem","position":1,"name":"Home","item":"https:\/\/dilatoflex.com\/"},{"@type":"ListItem","position":2,"name":"Legal Notices"}]},{"@type":"WebSite","@id":"https:\/\/dilatoflex.com\/#website","url":"https:\/\/dilatoflex.com\/","name":"DILATOFLEX","description":"by Anvis Industry","potentialAction":[{"@type":"SearchAction","target":{"@type":"EntryPoint","urlTemplate":"https:\/\/dilatoflex.com\/?s={search_term_string}"},"query-input":{"@type":"PropertyValueSpecification","valueRequired":true,"valueName":"search_term_string"}}],"inLanguage":"fr-FR"}]}},"_links":{"self":[{"href":"https:\/\/dilatoflex.com\/fr\/wp-json\/wp\/v2\/pages\/21","targetHints":{"allow":["GET"]}}],"collection":[{"href":"https:\/\/dilatoflex.com\/fr\/wp-json\/wp\/v2\/pages"}],"about":[{"href":"https:\/\/dilatoflex.com\/fr\/wp-json\/wp\/v2\/types\/page"}],"author":[{"embeddable":true,"href":"https:\/\/dilatoflex.com\/fr\/wp-json\/wp\/v2\/users\/3"}],"replies":[{"embeddable":true,"href":"https:\/\/dilatoflex.com\/fr\/wp-json\/wp\/v2\/comments?post=21"}],"version-history":[{"count":52,"href":"https:\/\/dilatoflex.com\/fr\/wp-json\/wp\/v2\/pages\/21\/revisions"}],"predecessor-version":[{"id":1563,"href":"https:\/\/dilatoflex.com\/fr\/wp-json\/wp\/v2\/pages\/21\/revisions\/1563"}],"wp:attachment":[{"href":"https:\/\/dilatoflex.com\/fr\/wp-json\/wp\/v2\/media?parent=21"}],"curies":[{"name":"wp","href":"https:\/\/api.w.org\/{rel}","templated":true}]}}