{"id":637,"date":"2021-04-14T15:52:34","date_gmt":"2021-04-14T13:52:34","guid":{"rendered":"http:\/\/dilatoflex.anvisgroup.com\/?page_id=637"},"modified":"2022-08-11T15:11:05","modified_gmt":"2022-08-11T13:11:05","slug":"how-to-choose","status":"publish","type":"page","link":"https:\/\/dilatoflex.com\/fr\/products\/how-to-choose\/","title":{"rendered":"Questionnaire technique"},"content":{"rendered":"<div data-elementor-type=\"wp-page\" data-elementor-id=\"637\" class=\"elementor elementor-637\">\n\t\t\t\t\t\t<section class=\"elementor-section elementor-top-section elementor-element elementor-element-dedd201 elementor-section-boxed elementor-section-height-default elementor-section-height-default\" data-id=\"dedd201\" data-element_type=\"section\" data-e-type=\"section\" data-settings=\"{&quot;background_background&quot;:&quot;classic&quot;}\">\n\t\t\t\t\t\t\t<div class=\"elementor-background-overlay\"><\/div>\n\t\t\t\t\t\t\t<div class=\"elementor-container elementor-column-gap-default\">\n\t\t\t\t\t<div class=\"elementor-column elementor-col-100 elementor-top-column elementor-element elementor-element-1bd81ab\" data-id=\"1bd81ab\" data-element_type=\"column\" data-e-type=\"column\">\n\t\t\t<div class=\"elementor-widget-wrap elementor-element-populated\">\n\t\t\t\t\t\t\t<\/div>\n\t\t<\/div>\n\t\t\t\t\t<\/div>\n\t\t<\/section>\n\t\t\t\t<section class=\"elementor-section elementor-top-section elementor-element elementor-element-4d574e6 elementor-section-boxed elementor-section-height-default elementor-section-height-default\" data-id=\"4d574e6\" data-element_type=\"section\" data-e-type=\"section\">\n\t\t\t\t\t\t<div class=\"elementor-container elementor-column-gap-default\">\n\t\t\t\t\t<div class=\"elementor-column elementor-col-50 elementor-top-column elementor-element elementor-element-61d544c\" data-id=\"61d544c\" data-element_type=\"column\" data-e-type=\"column\">\n\t\t\t<div class=\"elementor-widget-wrap elementor-element-populated\">\n\t\t\t\t\t\t<div class=\"elementor-element elementor-element-cd8fb06 elementor-widget elementor-widget-image\" data-id=\"cd8fb06\" data-element_type=\"widget\" data-e-type=\"widget\" data-no-translation=\"\" data-widget_type=\"image.default\">\n\t\t\t\t<div class=\"elementor-widget-container\">\n\t\t\t\t\t<style>.elementor-element-cd8fb06{display:none !important}<\/style>\t\t\t\t<\/div>\n\t\t\t\t<\/div>\n\t\t\t\t<div class=\"elementor-element elementor-element-4f3dab0 elementor-widget elementor-widget-image\" data-id=\"4f3dab0\" data-element_type=\"widget\" data-e-type=\"widget\" data-no-translation=\"\" data-widget_type=\"image.default\">\n\t\t\t\t<div class=\"elementor-widget-container\">\n\t\t\t\t\t\t\t\t\t\t\t\t\t\t\t\t<a href=\"http:\/\/dilatoflex.com\/wp-content\/uploads\/2021\/04\/dilato-1-1-scaled.jpg\" target=\"_blank\">\n\t\t\t\t\t\t\t<img fetchpriority=\"high\" decoding=\"async\" width=\"724\" height=\"1024\" src=\"https:\/\/dilatoflex.com\/wp-content\/uploads\/2021\/04\/dilato-1-1-724x1024.jpg\" class=\"attachment-large size-large wp-image-984\" alt=\"\" srcset=\"https:\/\/dilatoflex.com\/wp-content\/uploads\/2021\/04\/dilato-1-1-724x1024.jpg 724w, https:\/\/dilatoflex.com\/wp-content\/uploads\/2021\/04\/dilato-1-1-212x300.jpg 212w, https:\/\/dilatoflex.com\/wp-content\/uploads\/2021\/04\/dilato-1-1-768x1086.jpg 768w, https:\/\/dilatoflex.com\/wp-content\/uploads\/2021\/04\/dilato-1-1-1086x1536.jpg 1086w, https:\/\/dilatoflex.com\/wp-content\/uploads\/2021\/04\/dilato-1-1-1448x2048.jpg 1448w, https:\/\/dilatoflex.com\/wp-content\/uploads\/2021\/04\/dilato-1-1-8x12.jpg 8w, https:\/\/dilatoflex.com\/wp-content\/uploads\/2021\/04\/dilato-1-1-scaled.jpg 1810w\" sizes=\"(max-width: 724px) 100vw, 724px\" \/>\t\t\t\t\t\t\t\t<\/a>\n\t\t\t\t\t\t\t\t\t\t\t\t\t\t\t<\/div>\n\t\t\t\t<\/div>\n\t\t\t\t<div class=\"elementor-element elementor-element-467e1b0 elementor-widget elementor-widget-image\" data-id=\"467e1b0\" data-element_type=\"widget\" data-e-type=\"widget\" data-no-translation=\"\" data-widget_type=\"image.default\">\n\t\t\t\t<div class=\"elementor-widget-container\">\n\t\t\t\t\t<style>.elementor-element-467e1b0{display:none !important}<\/style>\t\t\t\t<\/div>\n\t\t\t\t<\/div>\n\t\t\t\t\t<\/div>\n\t\t<\/div>\n\t\t\t\t<div class=\"elementor-column elementor-col-50 elementor-top-column elementor-element elementor-element-a0c4b1b\" data-id=\"a0c4b1b\" data-element_type=\"column\" data-e-type=\"column\">\n\t\t\t<div class=\"elementor-widget-wrap elementor-element-populated\">\n\t\t\t\t\t\t<div class=\"elementor-element elementor-element-3ca61d7 elementor-widget elementor-widget-text-editor\" data-id=\"3ca61d7\" data-element_type=\"widget\" data-e-type=\"widget\" data-widget_type=\"text-editor.default\">\n\t\t\t\t<div class=\"elementor-widget-container\">\n\t\t\t\t\t\t\t\t\t<p class=\"translation-block\">Les manchons compensateurs <b style=\"color:red\">DILATOFLEX\u00ae<\/b> sont des \u00e9l\u00e9ments de s\u00e9curit\u00e9. Il est donc essentiel de nous communiquer les caract\u00e9ristiques techniques n\u00e9cessaires \u00e0 la bonne pr\u00e9conisation par rapport \u00e0 votre besoin. Notre questionnaire technique vous aidera \u00e0 exprimer votre besoin.<\/p>\t\t\t\t\t\t\t\t<\/div>\n\t\t\t\t<\/div>\n\t\t\t\t<div class=\"elementor-element elementor-element-0f8db4c elementor-align-center elementor-widget elementor-widget-button\" data-id=\"0f8db4c\" data-element_type=\"widget\" data-e-type=\"widget\" data-no-translation=\"\" data-widget_type=\"button.default\">\n\t\t\t\t<div class=\"elementor-widget-container\">\n\t\t\t\t\t<style>.elementor-element-0f8db4c{display:none !important}<\/style>\t\t\t\t<\/div>\n\t\t\t\t<\/div>\n\t\t\t\t<div class=\"elementor-element elementor-element-8809a5d elementor-align-center elementor-widget elementor-widget-button\" data-id=\"8809a5d\" data-element_type=\"widget\" data-e-type=\"widget\" data-no-translation=\"\" data-widget_type=\"button.default\">\n\t\t\t\t<div class=\"elementor-widget-container\">\n\t\t\t\t\t<style>.elementor-element-8809a5d{display:none !important}<\/style>\t\t\t\t<\/div>\n\t\t\t\t<\/div>\n\t\t\t\t<div class=\"elementor-element elementor-element-d9649aa elementor-align-center elementor-widget elementor-widget-button\" data-id=\"d9649aa\" data-element_type=\"widget\" data-e-type=\"widget\" data-no-translation=\"\" data-widget_type=\"button.default\">\n\t\t\t\t<div class=\"elementor-widget-container\">\n\t\t\t\t\t\t\t\t\t<div class=\"elementor-button-wrapper\">\n\t\t\t\t\t<a class=\"elementor-button elementor-button-link elementor-size-sm\" href=\"http:\/\/dilatoflex.com\/wp-content\/uploads\/2021\/04\/DILATOFLEX-QUESTIONNAIRE-TECHNIQUE-CLIENT-2021-1.pdf\" target=\"_blank\">\n\t\t\t\t\t\t<span class=\"elementor-button-content-wrapper\">\n\t\t\t\t\t\t<span class=\"elementor-button-icon\">\n\t\t\t\t<i aria-hidden=\"true\" class=\"fas fa-download\"><\/i>\t\t\t<\/span>\n\t\t\t\t\t\t\t\t\t<span class=\"elementor-button-text\">Download<\/span>\n\t\t\t\t\t<\/span>\n\t\t\t\t\t<\/a>\n\t\t\t\t<\/div>\n\t\t\t\t\t\t\t\t<\/div>\n\t\t\t\t<\/div>\n\t\t\t\t\t<\/div>\n\t\t<\/div>\n\t\t\t\t\t<\/div>\n\t\t<\/section>\n\t\t\t\t<\/div>","protected":false},"excerpt":{"rendered":"<p>DILATOFLEX\u00ae expansion joints are security components. It is therefore quite important that we get all relevant technical information so that we can quote the accurate solution to your need. Download our technical questionnaire for having an assistance for your inquiry. Download<\/p>","protected":false},"author":3,"featured_media":0,"parent":78,"menu_order":0,"comment_status":"closed","ping_status":"closed","template":"elementor_header_footer","meta":{"ocean_post_layout":"","ocean_both_sidebars_style":"","ocean_both_sidebars_content_width":0,"ocean_both_sidebars_sidebars_width":0,"ocean_sidebar":"0","ocean_second_sidebar":"0","ocean_disable_margins":"enable","ocean_add_body_class":"","ocean_shortcode_before_top_bar":"","ocean_shortcode_after_top_bar":"","ocean_shortcode_before_header":"","ocean_shortcode_after_header":"","ocean_has_shortcode":"","ocean_shortcode_after_title":"","ocean_shortcode_before_footer_widgets":"","ocean_shortcode_after_footer_widgets":"","ocean_shortcode_before_footer_bottom":"","ocean_shortcode_after_footer_bottom":"","ocean_display_top_bar":"default","ocean_display_header":"default","ocean_header_style":"","ocean_center_header_left_menu":"0","ocean_custom_header_template":"0","ocean_custom_logo":0,"ocean_custom_retina_logo":0,"ocean_custom_logo_max_width":0,"ocean_custom_logo_tablet_max_width":0,"ocean_custom_logo_mobile_max_width":0,"ocean_custom_logo_max_height":0,"ocean_custom_logo_tablet_max_height":0,"ocean_custom_logo_mobile_max_height":0,"ocean_header_custom_menu":"0","ocean_menu_typo_font_family":"0","ocean_menu_typo_font_subset":"","ocean_menu_typo_font_size":0,"ocean_menu_typo_font_size_tablet":0,"ocean_menu_typo_font_size_mobile":0,"ocean_menu_typo_font_size_unit":"px","ocean_menu_typo_font_weight":"","ocean_menu_typo_font_weight_tablet":"","ocean_menu_typo_font_weight_mobile":"","ocean_menu_typo_transform":"","ocean_menu_typo_transform_tablet":"","ocean_menu_typo_transform_mobile":"","ocean_menu_typo_line_height":0,"ocean_menu_typo_line_height_tablet":0,"ocean_menu_typo_line_height_mobile":0,"ocean_menu_typo_line_height_unit":"","ocean_menu_typo_spacing":0,"ocean_menu_typo_spacing_tablet":0,"ocean_menu_typo_spacing_mobile":0,"ocean_menu_typo_spacing_unit":"","ocean_menu_link_color":"","ocean_menu_link_color_hover":"","ocean_menu_link_color_active":"","ocean_menu_link_background":"","ocean_menu_link_hover_background":"","ocean_menu_link_active_background":"","ocean_menu_social_links_bg":"","ocean_menu_social_hover_links_bg":"","ocean_menu_social_links_color":"","ocean_menu_social_hover_links_color":"","ocean_disable_title":"on","ocean_disable_heading":"default","ocean_post_title":"","ocean_post_subheading":"","ocean_post_title_style":"","ocean_post_title_background_color":"","ocean_post_title_background":0,"ocean_post_title_bg_image_position":"","ocean_post_title_bg_image_attachment":"","ocean_post_title_bg_image_repeat":"","ocean_post_title_bg_image_size":"","ocean_post_title_height":0,"ocean_post_title_bg_overlay":0.5,"ocean_post_title_bg_overlay_color":"","ocean_disable_breadcrumbs":"default","ocean_breadcrumbs_color":"","ocean_breadcrumbs_separator_color":"","ocean_breadcrumbs_links_color":"","ocean_breadcrumbs_links_hover_color":"","ocean_display_footer_widgets":"default","ocean_display_footer_bottom":"default","ocean_custom_footer_template":"0","footnotes":""},"class_list":["post-637","page","type-page","status-publish","hentry","entry"],"yoast_head":"<!-- This site is optimized with the Yoast SEO plugin v27.4 - https:\/\/yoast.com\/product\/yoast-seo-wordpress\/ -->\n<title>Technical Questionnaire - DILATOFLEX<\/title>\n<meta name=\"robots\" content=\"index, follow, max-snippet:-1, max-image-preview:large, max-video-preview:-1\" \/>\n<link rel=\"canonical\" href=\"https:\/\/dilatoflex.com\/fr\/products\/how-to-choose\/\" \/>\n<meta property=\"og:locale\" content=\"fr_FR\" \/>\n<meta property=\"og:type\" content=\"article\" \/>\n<meta property=\"og:title\" content=\"Technical Questionnaire - DILATOFLEX\" \/>\n<meta property=\"og:description\" content=\"DILATOFLEX\u00ae expansion joints are security components. It is therefore quite important that we get all relevant technical information so that we can quote the accurate solution to your need. Download our technical questionnaire for having an assistance for your inquiry. Download\" \/>\n<meta property=\"og:url\" content=\"https:\/\/dilatoflex.com\/fr\/products\/how-to-choose\/\" \/>\n<meta property=\"og:site_name\" content=\"DILATOFLEX\" \/>\n<meta property=\"article:modified_time\" content=\"2022-08-11T13:11:05+00:00\" \/>\n<meta property=\"og:image\" content=\"http:\/\/dilatoflex.com\/wp-content\/uploads\/2021\/04\/dilato-3.jpg\" \/>\n<meta name=\"twitter:card\" content=\"summary_large_image\" \/>\n<meta name=\"twitter:label1\" content=\"Dur\u00e9e de lecture estim\u00e9e\" \/>\n\t<meta name=\"twitter:data1\" content=\"1 minute\" \/>\n<script type=\"application\/ld+json\" class=\"yoast-schema-graph\">{\"@context\":\"https:\\\/\\\/schema.org\",\"@graph\":[{\"@type\":\"WebPage\",\"@id\":\"https:\\\/\\\/dilatoflex.com\\\/products\\\/how-to-choose\\\/\",\"url\":\"https:\\\/\\\/dilatoflex.com\\\/products\\\/how-to-choose\\\/\",\"name\":\"Technical Questionnaire - DILATOFLEX\",\"isPartOf\":{\"@id\":\"https:\\\/\\\/dilatoflex.com\\\/#website\"},\"primaryImageOfPage\":{\"@id\":\"https:\\\/\\\/dilatoflex.com\\\/products\\\/how-to-choose\\\/#primaryimage\"},\"image\":{\"@id\":\"https:\\\/\\\/dilatoflex.com\\\/products\\\/how-to-choose\\\/#primaryimage\"},\"thumbnailUrl\":\"http:\\\/\\\/dilatoflex.com\\\/wp-content\\\/uploads\\\/2021\\\/04\\\/dilato-3.jpg\",\"datePublished\":\"2021-04-14T13:52:34+00:00\",\"dateModified\":\"2022-08-11T13:11:05+00:00\",\"breadcrumb\":{\"@id\":\"https:\\\/\\\/dilatoflex.com\\\/products\\\/how-to-choose\\\/#breadcrumb\"},\"inLanguage\":\"fr-FR\",\"potentialAction\":[{\"@type\":\"ReadAction\",\"target\":[\"https:\\\/\\\/dilatoflex.com\\\/products\\\/how-to-choose\\\/\"]}]},{\"@type\":\"ImageObject\",\"inLanguage\":\"fr-FR\",\"@id\":\"https:\\\/\\\/dilatoflex.com\\\/products\\\/how-to-choose\\\/#primaryimage\",\"url\":\"http:\\\/\\\/dilatoflex.com\\\/wp-content\\\/uploads\\\/2021\\\/04\\\/dilato-3.jpg\",\"contentUrl\":\"http:\\\/\\\/dilatoflex.com\\\/wp-content\\\/uploads\\\/2021\\\/04\\\/dilato-3.jpg\"},{\"@type\":\"BreadcrumbList\",\"@id\":\"https:\\\/\\\/dilatoflex.com\\\/products\\\/how-to-choose\\\/#breadcrumb\",\"itemListElement\":[{\"@type\":\"ListItem\",\"position\":1,\"name\":\"Home\",\"item\":\"https:\\\/\\\/dilatoflex.com\\\/\"},{\"@type\":\"ListItem\",\"position\":2,\"name\":\"Products\",\"item\":\"https:\\\/\\\/dilatoflex.com\\\/products\\\/\"},{\"@type\":\"ListItem\",\"position\":3,\"name\":\"Technical Questionnaire\"}]},{\"@type\":\"WebSite\",\"@id\":\"https:\\\/\\\/dilatoflex.com\\\/#website\",\"url\":\"https:\\\/\\\/dilatoflex.com\\\/\",\"name\":\"DILATOFLEX\",\"description\":\"by Anvis Industry\",\"potentialAction\":[{\"@type\":\"SearchAction\",\"target\":{\"@type\":\"EntryPoint\",\"urlTemplate\":\"https:\\\/\\\/dilatoflex.com\\\/?s={search_term_string}\"},\"query-input\":{\"@type\":\"PropertyValueSpecification\",\"valueRequired\":true,\"valueName\":\"search_term_string\"}}],\"inLanguage\":\"fr-FR\"}]}<\/script>\n<!-- \/ Yoast SEO plugin. -->","yoast_head_json":{"title":"Technical Questionnaire - DILATOFLEX","robots":{"index":"index","follow":"follow","max-snippet":"max-snippet:-1","max-image-preview":"max-image-preview:large","max-video-preview":"max-video-preview:-1"},"canonical":"https:\/\/dilatoflex.com\/fr\/products\/how-to-choose\/","og_locale":"fr_FR","og_type":"article","og_title":"Technical Questionnaire - DILATOFLEX","og_description":"DILATOFLEX\u00ae expansion joints are security components. It is therefore quite important that we get all relevant technical information so that we can quote the accurate solution to your need. Download our technical questionnaire for having an assistance for your inquiry. Download","og_url":"https:\/\/dilatoflex.com\/fr\/products\/how-to-choose\/","og_site_name":"DILATOFLEX","article_modified_time":"2022-08-11T13:11:05+00:00","og_image":[{"url":"http:\/\/dilatoflex.com\/wp-content\/uploads\/2021\/04\/dilato-3.jpg","type":"","width":"","height":""}],"twitter_card":"summary_large_image","twitter_misc":{"Dur\u00e9e de lecture estim\u00e9e":"1 minute"},"schema":{"@context":"https:\/\/schema.org","@graph":[{"@type":"WebPage","@id":"https:\/\/dilatoflex.com\/products\/how-to-choose\/","url":"https:\/\/dilatoflex.com\/products\/how-to-choose\/","name":"Technical Questionnaire - DILATOFLEX","isPartOf":{"@id":"https:\/\/dilatoflex.com\/#website"},"primaryImageOfPage":{"@id":"https:\/\/dilatoflex.com\/products\/how-to-choose\/#primaryimage"},"image":{"@id":"https:\/\/dilatoflex.com\/products\/how-to-choose\/#primaryimage"},"thumbnailUrl":"http:\/\/dilatoflex.com\/wp-content\/uploads\/2021\/04\/dilato-3.jpg","datePublished":"2021-04-14T13:52:34+00:00","dateModified":"2022-08-11T13:11:05+00:00","breadcrumb":{"@id":"https:\/\/dilatoflex.com\/products\/how-to-choose\/#breadcrumb"},"inLanguage":"fr-FR","potentialAction":[{"@type":"ReadAction","target":["https:\/\/dilatoflex.com\/products\/how-to-choose\/"]}]},{"@type":"ImageObject","inLanguage":"fr-FR","@id":"https:\/\/dilatoflex.com\/products\/how-to-choose\/#primaryimage","url":"http:\/\/dilatoflex.com\/wp-content\/uploads\/2021\/04\/dilato-3.jpg","contentUrl":"http:\/\/dilatoflex.com\/wp-content\/uploads\/2021\/04\/dilato-3.jpg"},{"@type":"BreadcrumbList","@id":"https:\/\/dilatoflex.com\/products\/how-to-choose\/#breadcrumb","itemListElement":[{"@type":"ListItem","position":1,"name":"Home","item":"https:\/\/dilatoflex.com\/"},{"@type":"ListItem","position":2,"name":"Products","item":"https:\/\/dilatoflex.com\/products\/"},{"@type":"ListItem","position":3,"name":"Technical Questionnaire"}]},{"@type":"WebSite","@id":"https:\/\/dilatoflex.com\/#website","url":"https:\/\/dilatoflex.com\/","name":"DILATOFLEX","description":"by Anvis Industry","potentialAction":[{"@type":"SearchAction","target":{"@type":"EntryPoint","urlTemplate":"https:\/\/dilatoflex.com\/?s={search_term_string}"},"query-input":{"@type":"PropertyValueSpecification","valueRequired":true,"valueName":"search_term_string"}}],"inLanguage":"fr-FR"}]}},"_links":{"self":[{"href":"https:\/\/dilatoflex.com\/fr\/wp-json\/wp\/v2\/pages\/637","targetHints":{"allow":["GET"]}}],"collection":[{"href":"https:\/\/dilatoflex.com\/fr\/wp-json\/wp\/v2\/pages"}],"about":[{"href":"https:\/\/dilatoflex.com\/fr\/wp-json\/wp\/v2\/types\/page"}],"author":[{"embeddable":true,"href":"https:\/\/dilatoflex.com\/fr\/wp-json\/wp\/v2\/users\/3"}],"replies":[{"embeddable":true,"href":"https:\/\/dilatoflex.com\/fr\/wp-json\/wp\/v2\/comments?post=637"}],"version-history":[{"count":74,"href":"https:\/\/dilatoflex.com\/fr\/wp-json\/wp\/v2\/pages\/637\/revisions"}],"predecessor-version":[{"id":1171,"href":"https:\/\/dilatoflex.com\/fr\/wp-json\/wp\/v2\/pages\/637\/revisions\/1171"}],"up":[{"embeddable":true,"href":"https:\/\/dilatoflex.com\/fr\/wp-json\/wp\/v2\/pages\/78"}],"wp:attachment":[{"href":"https:\/\/dilatoflex.com\/fr\/wp-json\/wp\/v2\/media?parent=637"}],"curies":[{"name":"wp","href":"https:\/\/api.w.org\/{rel}","templated":true}]}}