{"id":65,"date":"2021-02-18T15:48:10","date_gmt":"2021-02-18T14:48:10","guid":{"rendered":"http:\/\/dilatoflex.anvisgroup.com\/?page_id=65"},"modified":"2021-04-15T11:13:53","modified_gmt":"2021-04-15T09:13:53","slug":"installation","status":"publish","type":"page","link":"https:\/\/dilatoflex.com\/fr\/about-expansion-joints\/installation\/","title":{"rendered":"Montage"},"content":{"rendered":"<div data-elementor-type=\"wp-page\" data-elementor-id=\"65\" class=\"elementor elementor-65\">\n\t\t\t\t\t\t<section class=\"elementor-section elementor-top-section elementor-element elementor-element-6fbeb5a5 elementor-section-boxed elementor-section-height-default elementor-section-height-default\" data-id=\"6fbeb5a5\" data-element_type=\"section\" data-e-type=\"section\" data-settings=\"{&quot;background_background&quot;:&quot;classic&quot;}\">\n\t\t\t\t\t\t\t<div class=\"elementor-background-overlay\"><\/div>\n\t\t\t\t\t\t\t<div class=\"elementor-container elementor-column-gap-default\">\n\t\t\t\t\t<div class=\"elementor-column elementor-col-100 elementor-top-column elementor-element elementor-element-3baa5dda\" data-id=\"3baa5dda\" data-element_type=\"column\" data-e-type=\"column\">\n\t\t\t<div class=\"elementor-widget-wrap elementor-element-populated\">\n\t\t\t\t\t\t\t<\/div>\n\t\t<\/div>\n\t\t\t\t\t<\/div>\n\t\t<\/section>\n\t\t\t\t<section class=\"elementor-section elementor-top-section elementor-element elementor-element-80f9616 elementor-section-boxed elementor-section-height-default elementor-section-height-default\" data-id=\"80f9616\" data-element_type=\"section\" data-e-type=\"section\">\n\t\t\t\t\t\t<div class=\"elementor-container elementor-column-gap-default\">\n\t\t\t\t\t<div class=\"elementor-column elementor-col-100 elementor-top-column elementor-element elementor-element-25f27a5\" data-id=\"25f27a5\" data-element_type=\"column\" data-e-type=\"column\">\n\t\t\t<div class=\"elementor-widget-wrap elementor-element-populated\">\n\t\t\t\t\t\t<div class=\"elementor-element elementor-element-5f4ef2e elementor-widget elementor-widget-spacer\" data-id=\"5f4ef2e\" data-element_type=\"widget\" data-e-type=\"widget\" data-widget_type=\"spacer.default\">\n\t\t\t\t<div class=\"elementor-widget-container\">\n\t\t\t\t\t\t\t<div class=\"elementor-spacer\">\n\t\t\t<div class=\"elementor-spacer-inner\"><\/div>\n\t\t<\/div>\n\t\t\t\t\t\t<\/div>\n\t\t\t\t<\/div>\n\t\t\t\t<div class=\"elementor-element elementor-element-5bac3bc elementor-widget elementor-widget-heading\" data-id=\"5bac3bc\" data-element_type=\"widget\" data-e-type=\"widget\" data-widget_type=\"heading.default\">\n\t\t\t\t<div class=\"elementor-widget-container\">\n\t\t\t\t\t<h1 class=\"elementor-heading-title elementor-size-default\">DILATOFLEX\u00ae : montage et maintenance<\/h1>\t\t\t\t<\/div>\n\t\t\t\t<\/div>\n\t\t\t\t<div class=\"elementor-element elementor-element-d43c15d elementor-widget elementor-widget-text-editor\" data-id=\"d43c15d\" data-element_type=\"widget\" data-e-type=\"widget\" data-widget_type=\"text-editor.default\">\n\t\t\t\t<div class=\"elementor-widget-container translation-block\">Les manchons compensateurs doivent \u00eatre stock\u00e9s, mont\u00e9s et utilis\u00e9s conform\u00e9ment aux r\u00e8gles de l\u2019art en usage sur l\u2019installation \u00e9quip\u00e9e de syst\u00e8mes de s\u00e9curit\u00e9 appropri\u00e9s. Se conformer \u00e0 la notice d\u2019instruction fournie avec chaque manchon.\u00a0<\/div>\n\t\t\t\t<\/div>\n\t\t\t\t\t<\/div>\n\t\t<\/div>\n\t\t\t\t\t<\/div>\n\t\t<\/section>\n\t\t\t\t<section class=\"elementor-section elementor-top-section elementor-element elementor-element-5add02c elementor-section-boxed elementor-section-height-default elementor-section-height-default\" data-id=\"5add02c\" data-element_type=\"section\" data-e-type=\"section\">\n\t\t\t\t\t\t<div class=\"elementor-container elementor-column-gap-default\">\n\t\t\t\t\t<div class=\"elementor-column elementor-col-100 elementor-top-column elementor-element elementor-element-6f3f9ea\" data-id=\"6f3f9ea\" data-element_type=\"column\" data-e-type=\"column\">\n\t\t\t<div class=\"elementor-widget-wrap elementor-element-populated\">\n\t\t\t\t\t\t<section class=\"elementor-section elementor-inner-section elementor-element elementor-element-702673a elementor-section-boxed elementor-section-height-default elementor-section-height-default\" data-id=\"702673a\" data-element_type=\"section\" data-e-type=\"section\">\n\t\t\t\t\t\t<div class=\"elementor-container elementor-column-gap-default\">\n\t\t\t\t\t<div class=\"elementor-column elementor-col-50 elementor-inner-column elementor-element elementor-element-9eab30c\" data-id=\"9eab30c\" data-element_type=\"column\" data-e-type=\"column\">\n\t\t\t<div class=\"elementor-widget-wrap elementor-element-populated\">\n\t\t\t\t\t\t<div class=\"elementor-element elementor-element-caa91a1 elementor-widget elementor-widget-heading\" data-id=\"caa91a1\" data-element_type=\"widget\" data-e-type=\"widget\" data-widget_type=\"heading.default\">\n\t\t\t\t<div class=\"elementor-widget-container\">\n\t\t\t\t\t<h2 class=\"elementor-heading-title elementor-size-default\">Conditions de stockage :<\/h2>\t\t\t\t<\/div>\n\t\t\t\t<\/div>\n\t\t\t\t<div class=\"elementor-element elementor-element-b5aaa6d elementor-widget elementor-widget-text-editor\" data-id=\"b5aaa6d\" data-element_type=\"widget\" data-e-type=\"widget\" data-widget_type=\"text-editor.default\">\n\t\t\t\t<div class=\"elementor-widget-container\">\n\t\t\t\t\t\t\t\t\t<p class=\"translation-block\">Absence de rayonnement solaire direct et, si possible, lumi\u00e8re faible.\n<br>Temp\u00e9rature conseill\u00e9e du local: entre 10 \/ 20\u00b0C. Les temp\u00e9ratures inf\u00e9rieures \u00e0 0 \u00b0C sont acceptables sous r\u00e9serve de ne manipuler les manchons qu'apr\u00e8s un retour progressif aux temp\u00e9ratures positives.\nProscrire tout courant d'air. Avoir une ventilation naturelle minimale.\nL'ozone et les appareils produisant de l'ozone, doivent \u00eatre proscrits du local de stockage.\n<br>\nEviter tout contact avec des agents ou objets environnants agressifs: liquides, graisses, acides, bases, etc., objets tranchants ou particules incandescentes de soudure ou meulage.\n<br>\nLes empilages doivent \u00eatre tr\u00e8s limit\u00e9s pour \u00e9viter une d\u00e9formation permanente sensible (onde, talon).\n<br>\nPratiquer la rotation des stocks. Utiliser les produits les plus anciens en premier .<\/p>\t\t\t\t\t\t\t\t<\/div>\n\t\t\t\t<\/div>\n\t\t\t\t<div class=\"elementor-element elementor-element-88e110b elementor-widget elementor-widget-heading\" data-id=\"88e110b\" data-element_type=\"widget\" data-e-type=\"widget\" data-widget_type=\"heading.default\">\n\t\t\t\t<div class=\"elementor-widget-container\">\n\t\t\t\t\t<h2 class=\"elementor-heading-title elementor-size-default\">Montage:<\/h2>\t\t\t\t<\/div>\n\t\t\t\t<\/div>\n\t\t\t\t<div class=\"elementor-element elementor-element-b9177a0 elementor-widget elementor-widget-text-editor\" data-id=\"b9177a0\" data-element_type=\"widget\" data-e-type=\"widget\" data-widget_type=\"text-editor.default\">\n\t\t\t\t<div class=\"elementor-widget-container\">\n\t\t\t\t\t\t\t\t\t<p class=\"translation-block\">Se conformer \u00e0 la notice d'instructions fournie avec chaque manchon compensateur. L'application de peinture sur les parties caoutchouc du manchon est \u00e0 proscrire. Le manchon ne doit pas \u00eatre calorifug\u00e9. Il ne doit pas \u00eatre expos\u00e9 \u00e0 la flamme (utiliser une housse pare-feu si n\u00e9cessaire). Le manchon compensateur est un isolant \u00e9lectrique. Pour \u00e9vacuer l'\u00e9lectricit\u00e9 statique ou pour une mise \u00e0 la masse de l'installation, il faut poser une tresse m\u00e9tallique entre les 2 brides.<\/p>\t\t\t\t\t\t\t\t<\/div>\n\t\t\t\t<\/div>\n\t\t\t\t\t<\/div>\n\t\t<\/div>\n\t\t\t\t<div class=\"elementor-column elementor-col-50 elementor-inner-column elementor-element elementor-element-1b29d08\" data-id=\"1b29d08\" data-element_type=\"column\" data-e-type=\"column\">\n\t\t\t<div class=\"elementor-widget-wrap elementor-element-populated\">\n\t\t\t\t\t\t<div class=\"elementor-element elementor-element-a3eac28 elementor-widget elementor-widget-heading\" data-id=\"a3eac28\" data-element_type=\"widget\" data-e-type=\"widget\" data-widget_type=\"heading.default\">\n\t\t\t\t<div class=\"elementor-widget-container\">\n\t\t\t\t\t<h2 class=\"elementor-heading-title elementor-size-default\">D\u00e9montage:<\/h2>\t\t\t\t<\/div>\n\t\t\t\t<\/div>\n\t\t\t\t<div class=\"elementor-element elementor-element-a3c4263 elementor-widget elementor-widget-text-editor\" data-id=\"a3c4263\" data-element_type=\"widget\" data-e-type=\"widget\" data-widget_type=\"text-editor.default\">\n\t\t\t\t<div class=\"elementor-widget-container\">\n\t\t\t\t\t\t\t\t\t<p>Avant tout d\u00e9montage, s'assurer que le manchon compensateur n'est pas soumis \u00e0 une pression r\u00e9siduelle et que les fluides dangereux ont \u00e9t\u00e9 \u00e9vacu\u00e9s.<\/p>\t\t\t\t\t\t\t\t<\/div>\n\t\t\t\t<\/div>\n\t\t\t\t<div class=\"elementor-element elementor-element-1993d6a elementor-icon-list--layout-traditional elementor-list-item-link-full_width elementor-widget elementor-widget-icon-list\" data-id=\"1993d6a\" data-element_type=\"widget\" data-e-type=\"widget\" data-widget_type=\"icon-list.default\">\n\t\t\t\t<div class=\"elementor-widget-container\">\n\t\t\t\t\t\t\t<ul class=\"elementor-icon-list-items\">\n\t\t\t\t\t\t\t<li class=\"elementor-icon-list-item\">\n\t\t\t\t\t\t\t\t\t\t\t<span class=\"elementor-icon-list-icon\">\n\t\t\t\t\t\t\t<i aria-hidden=\"true\" class=\"fas fa-square-full\"><\/i>\t\t\t\t\t\t<\/span>\n\t\t\t\t\t\t\t\t\t\t<span class=\"elementor-icon-list-text\">Desserrer lentement les boulons.<\/span>\n\t\t\t\t\t\t\t\t\t<\/li>\n\t\t\t\t\t\t\t\t<li class=\"elementor-icon-list-item\">\n\t\t\t\t\t\t\t\t\t\t\t<span class=\"elementor-icon-list-icon\">\n\t\t\t\t\t\t\t<i aria-hidden=\"true\" class=\"fas fa-square-full\"><\/i>\t\t\t\t\t\t<\/span>\n\t\t\t\t\t\t\t\t\t\t<span class=\"elementor-icon-list-text\">Si un nettoyage du manchon est n\u00e9cessaire, utiliser de l'eau savonneuse. L'utilisation de solvant est \u00e0 proscrire.<\/span>\n\t\t\t\t\t\t\t\t\t<\/li>\n\t\t\t\t\t\t\t\t<li class=\"elementor-icon-list-item\">\n\t\t\t\t\t\t\t\t\t\t\t<span class=\"elementor-icon-list-icon\">\n\t\t\t\t\t\t\t<i aria-hidden=\"true\" class=\"fas fa-square-full\"><\/i>\t\t\t\t\t\t<\/span>\n\t\t\t\t\t\t\t\t\t\t<span class=\"elementor-icon-list-text\">En cas de r\u00e9utilisation de la boulonnerie, s'assurer de sa propret\u00e9 et de son bon \u00e9tat.<\/span>\n\t\t\t\t\t\t\t\t\t<\/li>\n\t\t\t\t\t\t<\/ul>\n\t\t\t\t\t\t<\/div>\n\t\t\t\t<\/div>\n\t\t\t\t<div class=\"elementor-element elementor-element-164dbfb elementor-widget elementor-widget-heading\" data-id=\"164dbfb\" data-element_type=\"widget\" data-e-type=\"widget\" data-widget_type=\"heading.default\">\n\t\t\t\t<div class=\"elementor-widget-container\">\n\t\t\t\t\t<h2 class=\"elementor-heading-title elementor-size-default\">Maintenance:<\/h2>\t\t\t\t<\/div>\n\t\t\t\t<\/div>\n\t\t\t\t<div class=\"elementor-element elementor-element-ba12ac9 elementor-widget elementor-widget-text-editor\" data-id=\"ba12ac9\" data-element_type=\"widget\" data-e-type=\"widget\" data-widget_type=\"text-editor.default\">\n\t\t\t\t<div class=\"elementor-widget-container\">\n\t\t\t\t\t\t\t\t\t<p class=\"translation-block\">Le manchon compensateur est \u00e0 inclure dans un plan de maintenance. Il doit \u00eatre parfaitement accessible, afin d'en faciliter le contr\u00f4le r\u00e9gulier et l'\u00e9ventuel d\u00e9montage.\n<br>\nUn contr\u00f4le visuel ext\u00e9rieur (aspect, \u00e9lasticit\u00e9 du caoutchouc) et un contr\u00f4le du serrage des brides sont \u00e0 effectuer annuellement. Un d\u00e9montage pour inspection int\u00e9rieure tous les 3 \u00e0 10 ans est recommand\u00e9 en fonction de la s\u00e9v\u00e9rit\u00e9 des conditions de service ou des r\u00e9glementations nationales en vigueur dans le pays.\n<br>\nPlus g\u00e9n\u00e9ralement, le manchon compensateur doit \u00eatre remplac\u00e9 r\u00e9guli\u00e8rement en fonction de son \u00e9tat et du durcissement des mat\u00e9riaux.<\/p>\t\t\t\t\t\t\t\t<\/div>\n\t\t\t\t<\/div>\n\t\t\t\t\t<\/div>\n\t\t<\/div>\n\t\t\t\t\t<\/div>\n\t\t<\/section>\n\t\t\t\t\t<\/div>\n\t\t<\/div>\n\t\t\t\t\t<\/div>\n\t\t<\/section>\n\t\t\t\t<section class=\"elementor-section elementor-top-section elementor-element elementor-element-b5b8ed2 elementor-section-boxed elementor-section-height-default elementor-section-height-default\" data-id=\"b5b8ed2\" data-element_type=\"section\" data-e-type=\"section\">\n\t\t\t\t\t\t<div class=\"elementor-container elementor-column-gap-default\">\n\t\t\t\t\t<div class=\"elementor-column elementor-col-100 elementor-top-column elementor-element elementor-element-f9628b7\" data-id=\"f9628b7\" data-element_type=\"column\" data-e-type=\"column\">\n\t\t\t<div class=\"elementor-widget-wrap elementor-element-populated\">\n\t\t\t\t\t\t<div class=\"elementor-element elementor-element-3f5b8e3 elementor-widget elementor-widget-spacer\" data-id=\"3f5b8e3\" data-element_type=\"widget\" data-e-type=\"widget\" data-widget_type=\"spacer.default\">\n\t\t\t\t<div class=\"elementor-widget-container\">\n\t\t\t\t\t\t\t<div class=\"elementor-spacer\">\n\t\t\t<div class=\"elementor-spacer-inner\"><\/div>\n\t\t<\/div>\n\t\t\t\t\t\t<\/div>\n\t\t\t\t<\/div>\n\t\t\t\t\t<\/div>\n\t\t<\/div>\n\t\t\t\t\t<\/div>\n\t\t<\/section>\n\t\t\t\t<\/div>","protected":false},"excerpt":{"rendered":"<p>DILATOFLEX\u00ae : installation and maintenance DILATOFLEX\u00ae expansion joint must be stored, mounted and used with good sense and according to the book on installations equipped with proper security systems. Refer to the instructions delivered with each part. Storage conditions: No direct light and, if possible, dim light.Recommended room temperature +10\/+20\u00b0C. Temperature below 0\u00b0C are only [&hellip;]<\/p>\n","protected":false},"author":3,"featured_media":0,"parent":11,"menu_order":0,"comment_status":"closed","ping_status":"closed","template":"elementor_header_footer","meta":{"ocean_post_layout":"","ocean_both_sidebars_style":"","ocean_both_sidebars_content_width":0,"ocean_both_sidebars_sidebars_width":0,"ocean_sidebar":"0","ocean_second_sidebar":"0","ocean_disable_margins":"enable","ocean_add_body_class":"","ocean_shortcode_before_top_bar":"","ocean_shortcode_after_top_bar":"","ocean_shortcode_before_header":"","ocean_shortcode_after_header":"","ocean_has_shortcode":"","ocean_shortcode_after_title":"","ocean_shortcode_before_footer_widgets":"","ocean_shortcode_after_footer_widgets":"","ocean_shortcode_before_footer_bottom":"","ocean_shortcode_after_footer_bottom":"","ocean_display_top_bar":"default","ocean_display_header":"default","ocean_header_style":"","ocean_center_header_left_menu":"0","ocean_custom_header_template":"0","ocean_custom_logo":0,"ocean_custom_retina_logo":0,"ocean_custom_logo_max_width":0,"ocean_custom_logo_tablet_max_width":0,"ocean_custom_logo_mobile_max_width":0,"ocean_custom_logo_max_height":0,"ocean_custom_logo_tablet_max_height":0,"ocean_custom_logo_mobile_max_height":0,"ocean_header_custom_menu":"0","ocean_menu_typo_font_family":"0","ocean_menu_typo_font_subset":"","ocean_menu_typo_font_size":0,"ocean_menu_typo_font_size_tablet":0,"ocean_menu_typo_font_size_mobile":0,"ocean_menu_typo_font_size_unit":"px","ocean_menu_typo_font_weight":"","ocean_menu_typo_font_weight_tablet":"","ocean_menu_typo_font_weight_mobile":"","ocean_menu_typo_transform":"","ocean_menu_typo_transform_tablet":"","ocean_menu_typo_transform_mobile":"","ocean_menu_typo_line_height":0,"ocean_menu_typo_line_height_tablet":0,"ocean_menu_typo_line_height_mobile":0,"ocean_menu_typo_line_height_unit":"","ocean_menu_typo_spacing":0,"ocean_menu_typo_spacing_tablet":0,"ocean_menu_typo_spacing_mobile":0,"ocean_menu_typo_spacing_unit":"","ocean_menu_link_color":"","ocean_menu_link_color_hover":"","ocean_menu_link_color_active":"","ocean_menu_link_background":"","ocean_menu_link_hover_background":"","ocean_menu_link_active_background":"","ocean_menu_social_links_bg":"","ocean_menu_social_hover_links_bg":"","ocean_menu_social_links_color":"","ocean_menu_social_hover_links_color":"","ocean_disable_title":"on","ocean_disable_heading":"default","ocean_post_title":"","ocean_post_subheading":"","ocean_post_title_style":"","ocean_post_title_background_color":"","ocean_post_title_background":0,"ocean_post_title_bg_image_position":"","ocean_post_title_bg_image_attachment":"","ocean_post_title_bg_image_repeat":"","ocean_post_title_bg_image_size":"","ocean_post_title_height":0,"ocean_post_title_bg_overlay":0.5,"ocean_post_title_bg_overlay_color":"","ocean_disable_breadcrumbs":"default","ocean_breadcrumbs_color":"","ocean_breadcrumbs_separator_color":"","ocean_breadcrumbs_links_color":"","ocean_breadcrumbs_links_hover_color":"","ocean_display_footer_widgets":"default","ocean_display_footer_bottom":"default","ocean_custom_footer_template":"0","footnotes":""},"class_list":["post-65","page","type-page","status-publish","hentry","entry"],"yoast_head":"<!-- This site is optimized with the Yoast SEO plugin v27.4 - https:\/\/yoast.com\/product\/yoast-seo-wordpress\/ -->\n<title>Installation - DILATOFLEX<\/title>\n<meta name=\"robots\" content=\"index, follow, max-snippet:-1, max-image-preview:large, max-video-preview:-1\" \/>\n<link rel=\"canonical\" href=\"https:\/\/dilatoflex.com\/fr\/about-expansion-joints\/installation\/\" \/>\n<meta property=\"og:locale\" content=\"fr_FR\" \/>\n<meta property=\"og:type\" content=\"article\" \/>\n<meta property=\"og:title\" content=\"Installation - DILATOFLEX\" \/>\n<meta property=\"og:description\" content=\"DILATOFLEX\u00ae : installation and maintenance DILATOFLEX\u00ae expansion joint must be stored, mounted and used with good sense and according to the book on installations equipped with proper security systems. Refer to the instructions delivered with each part. Storage conditions: No direct light and, if possible, dim light.Recommended room temperature +10\/+20\u00b0C. Temperature below 0\u00b0C are only [&hellip;]\" \/>\n<meta property=\"og:url\" content=\"https:\/\/dilatoflex.com\/fr\/about-expansion-joints\/installation\/\" \/>\n<meta property=\"og:site_name\" content=\"DILATOFLEX\" \/>\n<meta property=\"article:modified_time\" content=\"2021-04-15T09:13:53+00:00\" \/>\n<meta name=\"twitter:card\" content=\"summary_large_image\" \/>\n<meta name=\"twitter:label1\" content=\"Dur\u00e9e de lecture estim\u00e9e\" \/>\n\t<meta name=\"twitter:data1\" content=\"2 minutes\" \/>\n<script type=\"application\/ld+json\" class=\"yoast-schema-graph\">{\"@context\":\"https:\\\/\\\/schema.org\",\"@graph\":[{\"@type\":\"WebPage\",\"@id\":\"https:\\\/\\\/dilatoflex.com\\\/about-expansion-joints\\\/installation\\\/\",\"url\":\"https:\\\/\\\/dilatoflex.com\\\/about-expansion-joints\\\/installation\\\/\",\"name\":\"Installation - DILATOFLEX\",\"isPartOf\":{\"@id\":\"https:\\\/\\\/dilatoflex.com\\\/#website\"},\"datePublished\":\"2021-02-18T14:48:10+00:00\",\"dateModified\":\"2021-04-15T09:13:53+00:00\",\"breadcrumb\":{\"@id\":\"https:\\\/\\\/dilatoflex.com\\\/about-expansion-joints\\\/installation\\\/#breadcrumb\"},\"inLanguage\":\"fr-FR\",\"potentialAction\":[{\"@type\":\"ReadAction\",\"target\":[\"https:\\\/\\\/dilatoflex.com\\\/about-expansion-joints\\\/installation\\\/\"]}]},{\"@type\":\"BreadcrumbList\",\"@id\":\"https:\\\/\\\/dilatoflex.com\\\/about-expansion-joints\\\/installation\\\/#breadcrumb\",\"itemListElement\":[{\"@type\":\"ListItem\",\"position\":1,\"name\":\"Home\",\"item\":\"https:\\\/\\\/dilatoflex.com\\\/\"},{\"@type\":\"ListItem\",\"position\":2,\"name\":\"About expansion joints\",\"item\":\"https:\\\/\\\/dilatoflex.com\\\/about-expansion-joints\\\/\"},{\"@type\":\"ListItem\",\"position\":3,\"name\":\"Installation\"}]},{\"@type\":\"WebSite\",\"@id\":\"https:\\\/\\\/dilatoflex.com\\\/#website\",\"url\":\"https:\\\/\\\/dilatoflex.com\\\/\",\"name\":\"DILATOFLEX\",\"description\":\"by Anvis Industry\",\"potentialAction\":[{\"@type\":\"SearchAction\",\"target\":{\"@type\":\"EntryPoint\",\"urlTemplate\":\"https:\\\/\\\/dilatoflex.com\\\/?s={search_term_string}\"},\"query-input\":{\"@type\":\"PropertyValueSpecification\",\"valueRequired\":true,\"valueName\":\"search_term_string\"}}],\"inLanguage\":\"fr-FR\"}]}<\/script>\n<!-- \/ Yoast SEO plugin. -->","yoast_head_json":{"title":"Installation - DILATOFLEX","robots":{"index":"index","follow":"follow","max-snippet":"max-snippet:-1","max-image-preview":"max-image-preview:large","max-video-preview":"max-video-preview:-1"},"canonical":"https:\/\/dilatoflex.com\/fr\/about-expansion-joints\/installation\/","og_locale":"fr_FR","og_type":"article","og_title":"Installation - DILATOFLEX","og_description":"DILATOFLEX\u00ae : installation and maintenance DILATOFLEX\u00ae expansion joint must be stored, mounted and used with good sense and according to the book on installations equipped with proper security systems. Refer to the instructions delivered with each part. Storage conditions: No direct light and, if possible, dim light.Recommended room temperature +10\/+20\u00b0C. Temperature below 0\u00b0C are only [&hellip;]","og_url":"https:\/\/dilatoflex.com\/fr\/about-expansion-joints\/installation\/","og_site_name":"DILATOFLEX","article_modified_time":"2021-04-15T09:13:53+00:00","twitter_card":"summary_large_image","twitter_misc":{"Dur\u00e9e de lecture estim\u00e9e":"2 minutes"},"schema":{"@context":"https:\/\/schema.org","@graph":[{"@type":"WebPage","@id":"https:\/\/dilatoflex.com\/about-expansion-joints\/installation\/","url":"https:\/\/dilatoflex.com\/about-expansion-joints\/installation\/","name":"Installation - DILATOFLEX","isPartOf":{"@id":"https:\/\/dilatoflex.com\/#website"},"datePublished":"2021-02-18T14:48:10+00:00","dateModified":"2021-04-15T09:13:53+00:00","breadcrumb":{"@id":"https:\/\/dilatoflex.com\/about-expansion-joints\/installation\/#breadcrumb"},"inLanguage":"fr-FR","potentialAction":[{"@type":"ReadAction","target":["https:\/\/dilatoflex.com\/about-expansion-joints\/installation\/"]}]},{"@type":"BreadcrumbList","@id":"https:\/\/dilatoflex.com\/about-expansion-joints\/installation\/#breadcrumb","itemListElement":[{"@type":"ListItem","position":1,"name":"Home","item":"https:\/\/dilatoflex.com\/"},{"@type":"ListItem","position":2,"name":"About expansion joints","item":"https:\/\/dilatoflex.com\/about-expansion-joints\/"},{"@type":"ListItem","position":3,"name":"Installation"}]},{"@type":"WebSite","@id":"https:\/\/dilatoflex.com\/#website","url":"https:\/\/dilatoflex.com\/","name":"DILATOFLEX","description":"by Anvis Industry","potentialAction":[{"@type":"SearchAction","target":{"@type":"EntryPoint","urlTemplate":"https:\/\/dilatoflex.com\/?s={search_term_string}"},"query-input":{"@type":"PropertyValueSpecification","valueRequired":true,"valueName":"search_term_string"}}],"inLanguage":"fr-FR"}]}},"_links":{"self":[{"href":"https:\/\/dilatoflex.com\/fr\/wp-json\/wp\/v2\/pages\/65","targetHints":{"allow":["GET"]}}],"collection":[{"href":"https:\/\/dilatoflex.com\/fr\/wp-json\/wp\/v2\/pages"}],"about":[{"href":"https:\/\/dilatoflex.com\/fr\/wp-json\/wp\/v2\/types\/page"}],"author":[{"embeddable":true,"href":"https:\/\/dilatoflex.com\/fr\/wp-json\/wp\/v2\/users\/3"}],"replies":[{"embeddable":true,"href":"https:\/\/dilatoflex.com\/fr\/wp-json\/wp\/v2\/comments?post=65"}],"version-history":[{"count":21,"href":"https:\/\/dilatoflex.com\/fr\/wp-json\/wp\/v2\/pages\/65\/revisions"}],"predecessor-version":[{"id":783,"href":"https:\/\/dilatoflex.com\/fr\/wp-json\/wp\/v2\/pages\/65\/revisions\/783"}],"up":[{"embeddable":true,"href":"https:\/\/dilatoflex.com\/fr\/wp-json\/wp\/v2\/pages\/11"}],"wp:attachment":[{"href":"https:\/\/dilatoflex.com\/fr\/wp-json\/wp\/v2\/media?parent=65"}],"curies":[{"name":"wp","href":"https:\/\/api.w.org\/{rel}","templated":true}]}}